{"id":14315,"date":"2023-12-19T16:44:29","date_gmt":"2023-12-19T15:44:29","guid":{"rendered":"https:\/\/geabarcelona.com\/producto\/malaquita-forma-libre\/"},"modified":"2025-11-20T08:36:20","modified_gmt":"2025-11-20T07:36:20","slug":"malaquita-forma-libre","status":"publish","type":"product","link":"https:\/\/geabarcelona.com\/en\/product\/malaquita-forma-libre\/","title":{"rendered":"MALACHITE FREE FORM"},"content":{"rendered":"<p>La malquita es una piedra semipreciosa compuesta principalmente por carbonato de cobre, reconocida por sus vibrantes tonalidades verdes con patrones \u00fanicos. Se forma en dep\u00f3sitos secundarios de cobre en zonas hidrotermales y se extrae en pa\u00edses como la Rep\u00fablica Democr\u00e1tica del Congo, Rusia, Australia y Estados Unidos. En el \u00e1mbito espiritual, la malquita es valorada por su capacidad para proteger, transformar energ\u00edas negativas y promover la sanaci\u00f3n emocional y el crecimiento personal.<br \/>\n sale per kg\".<\/p>","protected":false},"excerpt":{"rendered":"<p>Malaquita forma libre, rodada \/ 5-20cm<\/p>","protected":false},"featured_media":13503,"template":"","meta":[],"product_brand":[],"product_cat":[148],"product_tag":[336],"class_list":{"0":"post-14315","1":"product","2":"type-product","3":"status-publish","4":"has-post-thumbnail","6":"product_cat-pulido-formas","7":"product_tag-malaquita","9":"first","10":"instock","11":"taxable","12":"shipping-taxable","13":"purchasable","14":"product-type-simple"},"_links":{"self":[{"href":"https:\/\/geabarcelona.com\/en\/wp-json\/wp\/v2\/product\/14315","targetHints":{"allow":["GET"]}}],"collection":[{"href":"https:\/\/geabarcelona.com\/en\/wp-json\/wp\/v2\/product"}],"about":[{"href":"https:\/\/geabarcelona.com\/en\/wp-json\/wp\/v2\/types\/product"}],"version-history":[{"count":1,"href":"https:\/\/geabarcelona.com\/en\/wp-json\/wp\/v2\/product\/14315\/revisions"}],"predecessor-version":[{"id":19035,"href":"https:\/\/geabarcelona.com\/en\/wp-json\/wp\/v2\/product\/14315\/revisions\/19035"}],"wp:featuredmedia":[{"embeddable":true,"href":"https:\/\/geabarcelona.com\/en\/wp-json\/wp\/v2\/media\/13503"}],"wp:attachment":[{"href":"https:\/\/geabarcelona.com\/en\/wp-json\/wp\/v2\/media?parent=14315"}],"wp:term":[{"taxonomy":"product_brand","embeddable":true,"href":"https:\/\/geabarcelona.com\/en\/wp-json\/wp\/v2\/product_brand?post=14315"},{"taxonomy":"product_cat","embeddable":true,"href":"https:\/\/geabarcelona.com\/en\/wp-json\/wp\/v2\/product_cat?post=14315"},{"taxonomy":"product_tag","embeddable":true,"href":"https:\/\/geabarcelona.com\/en\/wp-json\/wp\/v2\/product_tag?post=14315"}],"curies":[{"name":"wp","href":"https:\/\/api.w.org\/{rel}","templated":true}]}}