{"id":14317,"date":"2023-12-19T16:44:29","date_gmt":"2023-12-19T15:44:29","guid":{"rendered":"https:\/\/geabarcelona.com\/producto\/mangano-calcita-forma-libre\/"},"modified":"2025-11-20T08:37:32","modified_gmt":"2025-11-20T07:37:32","slug":"mangano-calcita-forma-libre","status":"publish","type":"product","link":"https:\/\/geabarcelona.com\/en\/product\/mangano-calcita-forma-libre\/","title":{"rendered":"MANGANO CALCITE FREE FORM"},"content":{"rendered":"<p>La mangano calcita es una variedad de calcita rica en manganeso, que le da su caracter\u00edstico color rosa suave y textura cristalina. Se forma en ambientes sedimentarios y se extrae en lugares como Per\u00fa, M\u00e9xico y Sud\u00e1frica. Espiritualmente, la mangano calcita es conocida por sus propiedades calmantes y sanadoras, favoreciendo el amor propio, la liberaci\u00f3n emocional y el equilibrio del coraz\u00f3n. venta por kg.\u00bb<\/p>","protected":false},"excerpt":{"rendered":"<p>Mangano calcita forma libre \/ 5-40cm<\/p>","protected":false},"featured_media":18515,"template":"","meta":[],"product_brand":[],"product_cat":[148],"product_tag":[337],"class_list":{"0":"post-14317","1":"product","2":"type-product","3":"status-publish","4":"has-post-thumbnail","6":"product_cat-pulido-formas","7":"product_tag-mangano-calcita","9":"first","10":"instock","11":"taxable","12":"shipping-taxable","13":"purchasable","14":"product-type-simple"},"_links":{"self":[{"href":"https:\/\/geabarcelona.com\/en\/wp-json\/wp\/v2\/product\/14317","targetHints":{"allow":["GET"]}}],"collection":[{"href":"https:\/\/geabarcelona.com\/en\/wp-json\/wp\/v2\/product"}],"about":[{"href":"https:\/\/geabarcelona.com\/en\/wp-json\/wp\/v2\/types\/product"}],"version-history":[{"count":2,"href":"https:\/\/geabarcelona.com\/en\/wp-json\/wp\/v2\/product\/14317\/revisions"}],"predecessor-version":[{"id":19036,"href":"https:\/\/geabarcelona.com\/en\/wp-json\/wp\/v2\/product\/14317\/revisions\/19036"}],"wp:featuredmedia":[{"embeddable":true,"href":"https:\/\/geabarcelona.com\/en\/wp-json\/wp\/v2\/media\/18515"}],"wp:attachment":[{"href":"https:\/\/geabarcelona.com\/en\/wp-json\/wp\/v2\/media?parent=14317"}],"wp:term":[{"taxonomy":"product_brand","embeddable":true,"href":"https:\/\/geabarcelona.com\/en\/wp-json\/wp\/v2\/product_brand?post=14317"},{"taxonomy":"product_cat","embeddable":true,"href":"https:\/\/geabarcelona.com\/en\/wp-json\/wp\/v2\/product_cat?post=14317"},{"taxonomy":"product_tag","embeddable":true,"href":"https:\/\/geabarcelona.com\/en\/wp-json\/wp\/v2\/product_tag?post=14317"}],"curies":[{"name":"wp","href":"https:\/\/api.w.org\/{rel}","templated":true}]}}