{"id":14382,"date":"2023-12-19T16:44:40","date_gmt":"2023-12-19T15:44:40","guid":{"rendered":"https:\/\/geabarcelona.com\/producto\/puntas-titaneo-base-cortada\/"},"modified":"2025-11-20T12:31:07","modified_gmt":"2025-11-20T11:31:07","slug":"puntas-titaneo-base-cortada","status":"publish","type":"product","link":"https:\/\/geabarcelona.com\/en\/product\/puntas-titaneo-base-cortada\/","title":{"rendered":"PUNTAS TITANEO BASE CORTADA"},"content":{"rendered":"<p>Puntas de base cortada de Aurea titaneo, ideales para decoraci\u00f3n, colecci\u00f3n o pr\u00e1cticas energ\u00e9ticas enfocadas en la calma emocional. VENTA POR KG. <div style=\"width: 800px;\" class=\"wp-video\"><video class=\"wp-video-shortcode\" id=\"video-14382-1\" width=\"800\" height=\"800\" preload=\"metadata\" controls=\"controls\"><source type=\"video\/mp4\" src=\"https:\/\/geabarcelona.com\/wp-content\/uploads\/2023\/12\/img-2085_aXZGsKGD-1-1.mp4?_=1\" \/><a href=\"https:\/\/geabarcelona.com\/wp-content\/uploads\/2023\/12\/img-2085_aXZGsKGD-1-1.mp4\">https:\/\/geabarcelona.com\/wp-content\/uploads\/2023\/12\/img-2085_aXZGsKGD-1-1.mp4<\/a><\/video><\/div>\u00ab<\/p>","protected":false},"excerpt":{"rendered":"<p>puntas de aura titaneo con base<\/p>","protected":false},"featured_media":0,"template":"","meta":[],"product_brand":[],"product_cat":[139],"product_tag":[347],"class_list":{"0":"post-14382","1":"product","2":"type-product","3":"status-publish","5":"product_cat-brasil","6":"product_tag-titaneo","8":"first","9":"outofstock","10":"taxable","11":"shipping-taxable","12":"purchasable","13":"product-type-simple"},"_links":{"self":[{"href":"https:\/\/geabarcelona.com\/en\/wp-json\/wp\/v2\/product\/14382","targetHints":{"allow":["GET"]}}],"collection":[{"href":"https:\/\/geabarcelona.com\/en\/wp-json\/wp\/v2\/product"}],"about":[{"href":"https:\/\/geabarcelona.com\/en\/wp-json\/wp\/v2\/types\/product"}],"version-history":[{"count":2,"href":"https:\/\/geabarcelona.com\/en\/wp-json\/wp\/v2\/product\/14382\/revisions"}],"predecessor-version":[{"id":19079,"href":"https:\/\/geabarcelona.com\/en\/wp-json\/wp\/v2\/product\/14382\/revisions\/19079"}],"wp:attachment":[{"href":"https:\/\/geabarcelona.com\/en\/wp-json\/wp\/v2\/media?parent=14382"}],"wp:term":[{"taxonomy":"product_brand","embeddable":true,"href":"https:\/\/geabarcelona.com\/en\/wp-json\/wp\/v2\/product_brand?post=14382"},{"taxonomy":"product_cat","embeddable":true,"href":"https:\/\/geabarcelona.com\/en\/wp-json\/wp\/v2\/product_cat?post=14382"},{"taxonomy":"product_tag","embeddable":true,"href":"https:\/\/geabarcelona.com\/en\/wp-json\/wp\/v2\/product_tag?post=14382"}],"curies":[{"name":"wp","href":"https:\/\/api.w.org\/{rel}","templated":true}]}}