{"id":1476,"date":"2026-02-01T18:18:24","date_gmt":"2026-02-01T17:18:24","guid":{"rendered":"https:\/\/geabarcelona.com\/?post_type=product&#038;p=1476"},"modified":"2026-02-01T18:20:04","modified_gmt":"2026-02-01T17:20:04","slug":"geoda-cuarzo-8pc-unidad","status":"publish","type":"product","link":"https:\/\/geabarcelona.com\/en\/product\/geoda-cuarzo-8pc-unidad\/","title":{"rendered":"Geoda Cuarzo 8pc (unidad)"},"content":{"rendered":"<p>Conjunto de ocho piezas de geodas naturales de cuarzo con cavidades internas repletas de cristales brillantes y transl\u00facidos. Cada pieza es unica, ideales para decoraci\u00f3n, coleccionismo o para terapias energ\u00e9ticas y armonizar espacios.<br \/>\nREVISAR CENTIMETROS POR DIAMETRO<br \/>\nprecio\/unidad<\/p>","protected":false},"excerpt":{"rendered":"<p>Conjunto de ocho piezas de geodas naturales de cuarzo con cavidades internas repletas de cristales brillantes y transl\u00facidos. Cada pieza es unica, ideales para decoraci\u00f3n, coleccionismo o para terapias energ\u00e9ticas y armonizar espacios. REVISAR CENTIMETROS POR DIAMETRO precio\/unidad<\/p>","protected":false},"featured_media":1511,"template":"","meta":{"_uag_custom_page_level_css":"","_swt_meta_header_display":false,"_swt_meta_footer_display":false,"_swt_meta_site_title_display":false,"_swt_meta_sticky_header":false,"_swt_meta_transparent_header":false},"product_brand":[],"product_cat":[60],"product_tag":[82],"class_list":{"0":"post-1476","1":"product","2":"type-product","3":"status-publish","4":"has-post-thumbnail","6":"product_cat-minerales","7":"product_tag-geodas","9":"first","10":"instock","11":"taxable","12":"shipping-taxable","13":"purchasable","14":"product-type-simple"},"uagb_featured_image_src":{"full":["https:\/\/geabarcelona.com\/wp-content\/uploads\/2026\/02\/1.GEODA-CUARZO-scaled-1.jpg",2560,1436,false],"thumbnail":["https:\/\/geabarcelona.com\/wp-content\/uploads\/2026\/02\/1.GEODA-CUARZO-scaled-1-150x150.jpg",150,150,true],"medium":["https:\/\/geabarcelona.com\/wp-content\/uploads\/2026\/02\/1.GEODA-CUARZO-scaled-1-300x168.jpg",300,168,true],"medium_large":["https:\/\/geabarcelona.com\/wp-content\/uploads\/2026\/02\/1.GEODA-CUARZO-scaled-1-768x431.jpg",768,431,true],"large":["https:\/\/geabarcelona.com\/wp-content\/uploads\/2026\/02\/1.GEODA-CUARZO-scaled-1-1024x574.jpg",1024,574,true],"1536x1536":["https:\/\/geabarcelona.com\/wp-content\/uploads\/2026\/02\/1.GEODA-CUARZO-scaled-1-1536x862.jpg",1536,862,true],"2048x2048":["https:\/\/geabarcelona.com\/wp-content\/uploads\/2026\/02\/1.GEODA-CUARZO-scaled-1-2048x1149.jpg",2048,1149,true],"trp-custom-language-flag":["https:\/\/geabarcelona.com\/wp-content\/uploads\/2026\/02\/1.GEODA-CUARZO-scaled-1.jpg",18,10,false],"woocommerce_thumbnail":["https:\/\/geabarcelona.com\/wp-content\/uploads\/2026\/02\/1.GEODA-CUARZO-scaled-1-300x300.jpg",300,300,true],"woocommerce_single":["https:\/\/geabarcelona.com\/wp-content\/uploads\/2026\/02\/1.GEODA-CUARZO-scaled-1-600x337.jpg",600,337,true],"woocommerce_gallery_thumbnail":["https:\/\/geabarcelona.com\/wp-content\/uploads\/2026\/02\/1.GEODA-CUARZO-scaled-1-100x100.jpg",100,100,true]},"uagb_author_info":{"display_name":"geabcn","author_link":"https:\/\/geabarcelona.com\/en\/author\/"},"uagb_comment_info":0,"uagb_excerpt":"Conjunto de ocho piezas de geodas naturales de cuarzo con cavidades internas repletas de cristales brillantes y transl\u00facidos. Cada pieza es unica, ideales para decoraci\u00f3n, coleccionismo o para terapias energ\u00e9ticas y armonizar espacios. REVISAR CENTIMETROS POR DIAMETRO precio\/unidad","_links":{"self":[{"href":"https:\/\/geabarcelona.com\/en\/wp-json\/wp\/v2\/product\/1476","targetHints":{"allow":["GET"]}}],"collection":[{"href":"https:\/\/geabarcelona.com\/en\/wp-json\/wp\/v2\/product"}],"about":[{"href":"https:\/\/geabarcelona.com\/en\/wp-json\/wp\/v2\/types\/product"}],"wp:featuredmedia":[{"embeddable":true,"href":"https:\/\/geabarcelona.com\/en\/wp-json\/wp\/v2\/media\/1511"}],"wp:attachment":[{"href":"https:\/\/geabarcelona.com\/en\/wp-json\/wp\/v2\/media?parent=1476"}],"wp:term":[{"taxonomy":"product_brand","embeddable":true,"href":"https:\/\/geabarcelona.com\/en\/wp-json\/wp\/v2\/product_brand?post=1476"},{"taxonomy":"product_cat","embeddable":true,"href":"https:\/\/geabarcelona.com\/en\/wp-json\/wp\/v2\/product_cat?post=1476"},{"taxonomy":"product_tag","embeddable":true,"href":"https:\/\/geabarcelona.com\/en\/wp-json\/wp\/v2\/product_tag?post=1476"}],"curies":[{"name":"wp","href":"https:\/\/api.w.org\/{rel}","templated":true}]}}