{"id":15288,"date":"2023-12-22T14:16:46","date_gmt":"2023-12-22T13:16:46","guid":{"rendered":"https:\/\/geabarcelona.com\/producto\/xilopalo\/"},"modified":"2025-11-20T12:58:53","modified_gmt":"2025-11-20T11:58:53","slug":"xilopalo","status":"publish","type":"product","link":"https:\/\/geabarcelona.com\/en\/product\/xilopalo\/","title":{"rendered":"XILOPALO"},"content":{"rendered":"<p>El xil\u00f3palo es madera fosilizada que se form\u00f3 hace aproximadamente entre 200 y 250 millones de a\u00f1os, durante el periodo Tri\u00e1sico. Su origen se remonta a \u00e1rboles que, tras caer, quedaron enterrados bajo capas de sedimentos ricos en s\u00edlice. Con el paso del tiempo, en un ambiente sin ox\u00edgeno y con la acci\u00f3n del agua subterr\u00e1nea, el s\u00edlice fue infiltr\u00e1ndose en la madera, reemplazando sus c\u00e9lulas sin alterar su forma original.<br \/>\nDurante este proceso de fosilizaci\u00f3n, conocido como silicificaci\u00f3n, la materia org\u00e1nica fue sustituida por minerales como el cuarzo, pero conservando con gran detalle la estructura del tronco. En muchos casos, es posible identificar claramente los tejidos vasculares original e incluso los anillos de crecimiento, lo que permite estudiar aspectos anat\u00f3micos de \u00e1rboles ya extintos. Gracias a la presencia de elementos como el hierro, el cobre y el manganeso en los sedimentos y el agua, el xil\u00f3palo presenta una amplia variedad de colores, que van desde los tonos marrones y rojizos hasta verdes, azules o incluso multicolores.<br \/>\nHoy en d\u00eda, el xil\u00f3palo es valorado tanto por su belleza natural como por su importancia cient\u00edfica, ya que permite estudiar especies vegetales extintas y antiguos ecosistemas. Tambi\u00e9n se utiliza en joyer\u00eda, decoraci\u00f3n y coleccionismo. venta por kg.\u00bb<\/p>","protected":false},"excerpt":{"rendered":"<p>Natural, 3-4cm.<\/p>","protected":false},"featured_media":15534,"template":"","meta":[],"product_brand":[],"product_cat":[153],"product_tag":[343],"class_list":{"0":"post-15288","1":"product","2":"type-product","3":"status-publish","4":"has-post-thumbnail","6":"product_cat-catalogo","7":"product_tag-xilopalo","9":"first","10":"outofstock","11":"taxable","12":"shipping-taxable","13":"purchasable","14":"product-type-simple"},"_links":{"self":[{"href":"https:\/\/geabarcelona.com\/en\/wp-json\/wp\/v2\/product\/15288","targetHints":{"allow":["GET"]}}],"collection":[{"href":"https:\/\/geabarcelona.com\/en\/wp-json\/wp\/v2\/product"}],"about":[{"href":"https:\/\/geabarcelona.com\/en\/wp-json\/wp\/v2\/types\/product"}],"version-history":[{"count":4,"href":"https:\/\/geabarcelona.com\/en\/wp-json\/wp\/v2\/product\/15288\/revisions"}],"predecessor-version":[{"id":19146,"href":"https:\/\/geabarcelona.com\/en\/wp-json\/wp\/v2\/product\/15288\/revisions\/19146"}],"wp:featuredmedia":[{"embeddable":true,"href":"https:\/\/geabarcelona.com\/en\/wp-json\/wp\/v2\/media\/15534"}],"wp:attachment":[{"href":"https:\/\/geabarcelona.com\/en\/wp-json\/wp\/v2\/media?parent=15288"}],"wp:term":[{"taxonomy":"product_brand","embeddable":true,"href":"https:\/\/geabarcelona.com\/en\/wp-json\/wp\/v2\/product_brand?post=15288"},{"taxonomy":"product_cat","embeddable":true,"href":"https:\/\/geabarcelona.com\/en\/wp-json\/wp\/v2\/product_cat?post=15288"},{"taxonomy":"product_tag","embeddable":true,"href":"https:\/\/geabarcelona.com\/en\/wp-json\/wp\/v2\/product_tag?post=15288"}],"curies":[{"name":"wp","href":"https:\/\/api.w.org\/{rel}","templated":true}]}}