{"id":15295,"date":"2023-12-22T14:16:47","date_gmt":"2023-12-22T13:16:47","guid":{"rendered":"https:\/\/geabarcelona.com\/producto\/cuarzo-citrino\/"},"modified":"2025-12-11T11:44:49","modified_gmt":"2025-12-11T10:44:49","slug":"cuarzo-citrino","status":"publish","type":"product","link":"https:\/\/geabarcelona.com\/en\/product\/cuarzo-citrino\/","title":{"rendered":"CUARZO CITRINO"},"content":{"rendered":"<p>El citrino es una variedad de cuarzo que se caracteriza por sus tonos amarillos a anaranjados, resultado de la presencia de hierro en su estructura cristalina. Este mineral se encuentra principalmente en yacimientos volc\u00e1nicos y sedimentarios en Brasil, aunque tambi\u00e9n existen importantes dep\u00f3sitos en pa\u00edses como Uruguay y Madagascar.<\/p>\n<p>En cuanto a su apariencia, suele presentarse en cristales prism\u00e1ticos con una textura v\u00edtrea, cuya transparencia var\u00eda desde casi transparente hasta transl\u00facida. Su forma cristalina, similar a la del cuarzo com\u00fan, exhibe caras planas que reflejan la luz de manera distintiva.<\/p>\n<p>Reconocido por sus propiedades energ\u00e9ticas positivas, el citrino es valorado por su capacidad para atraer prosperidad, abundancia y \u00e9xito. Adem\u00e1s, se le atribuye la facultad de potenciar la vitalidad, creatividad y autoestima, al mismo tiempo que se cree que alivia la depresi\u00f3n y fomenta una actitud optimista.<\/p>\n<p>sale per kg.<br \/>\nsale per kg.<\/p>","protected":false},"excerpt":{"rendered":"<p>Natural, 3-4cm.<\/p>","protected":false},"featured_media":18083,"template":"","meta":[],"product_brand":[],"product_cat":[153],"product_tag":[224],"class_list":{"0":"post-15295","1":"product","2":"type-product","3":"status-publish","4":"has-post-thumbnail","6":"product_cat-catalogo","7":"product_tag-citrino","9":"first","10":"instock","11":"taxable","12":"shipping-taxable","13":"purchasable","14":"product-type-simple"},"_links":{"self":[{"href":"https:\/\/geabarcelona.com\/en\/wp-json\/wp\/v2\/product\/15295","targetHints":{"allow":["GET"]}}],"collection":[{"href":"https:\/\/geabarcelona.com\/en\/wp-json\/wp\/v2\/product"}],"about":[{"href":"https:\/\/geabarcelona.com\/en\/wp-json\/wp\/v2\/types\/product"}],"version-history":[{"count":2,"href":"https:\/\/geabarcelona.com\/en\/wp-json\/wp\/v2\/product\/15295\/revisions"}],"predecessor-version":[{"id":18238,"href":"https:\/\/geabarcelona.com\/en\/wp-json\/wp\/v2\/product\/15295\/revisions\/18238"}],"wp:featuredmedia":[{"embeddable":true,"href":"https:\/\/geabarcelona.com\/en\/wp-json\/wp\/v2\/media\/18083"}],"wp:attachment":[{"href":"https:\/\/geabarcelona.com\/en\/wp-json\/wp\/v2\/media?parent=15295"}],"wp:term":[{"taxonomy":"product_brand","embeddable":true,"href":"https:\/\/geabarcelona.com\/en\/wp-json\/wp\/v2\/product_brand?post=15295"},{"taxonomy":"product_cat","embeddable":true,"href":"https:\/\/geabarcelona.com\/en\/wp-json\/wp\/v2\/product_cat?post=15295"},{"taxonomy":"product_tag","embeddable":true,"href":"https:\/\/geabarcelona.com\/en\/wp-json\/wp\/v2\/product_tag?post=15295"}],"curies":[{"name":"wp","href":"https:\/\/api.w.org\/{rel}","templated":true}]}}