{"id":15300,"date":"2023-12-22T14:16:48","date_gmt":"2023-12-22T13:16:48","guid":{"rendered":"https:\/\/geabarcelona.com\/producto\/cerusita-cristal\/"},"modified":"2025-11-20T13:01:18","modified_gmt":"2025-11-20T12:01:18","slug":"cerusita-cristal","status":"publish","type":"product","link":"https:\/\/geabarcelona.com\/en\/product\/cerusita-cristal\/","title":{"rendered":"CERUSITA CRISTAL"},"content":{"rendered":"<p>La cerusita cristal es un mineral compuesto por carbonato de plomo, reconocido por sus cristales transparentes o transl\u00facidos con brillo v\u00edtreo y formas tabulares o prism\u00e1ticas. Se forma en zonas de oxidaci\u00f3n de dep\u00f3sitos de plomo y se encuentra en lugares como Namibia, M\u00e9xico y Australia. Espiritualmente, la cerusita es apreciada por su energ\u00eda para facilitar la claridad mental, la liberaci\u00f3n de bloqueos emocionales y el fortalecimiento de la intuici\u00f3n. venta por kg.\u00bb<\/p>","protected":false},"excerpt":{"rendered":"<p>Natural, 3-4cm.<\/p>","protected":false},"featured_media":0,"template":"","meta":[],"product_brand":[],"product_cat":[153],"product_tag":[379],"class_list":{"0":"post-15300","1":"product","2":"type-product","3":"status-publish","5":"product_cat-catalogo","6":"product_tag-cerusita","8":"first","9":"instock","10":"taxable","11":"shipping-taxable","12":"purchasable","13":"product-type-simple"},"_links":{"self":[{"href":"https:\/\/geabarcelona.com\/en\/wp-json\/wp\/v2\/product\/15300","targetHints":{"allow":["GET"]}}],"collection":[{"href":"https:\/\/geabarcelona.com\/en\/wp-json\/wp\/v2\/product"}],"about":[{"href":"https:\/\/geabarcelona.com\/en\/wp-json\/wp\/v2\/types\/product"}],"version-history":[{"count":1,"href":"https:\/\/geabarcelona.com\/en\/wp-json\/wp\/v2\/product\/15300\/revisions"}],"predecessor-version":[{"id":19155,"href":"https:\/\/geabarcelona.com\/en\/wp-json\/wp\/v2\/product\/15300\/revisions\/19155"}],"wp:attachment":[{"href":"https:\/\/geabarcelona.com\/en\/wp-json\/wp\/v2\/media?parent=15300"}],"wp:term":[{"taxonomy":"product_brand","embeddable":true,"href":"https:\/\/geabarcelona.com\/en\/wp-json\/wp\/v2\/product_brand?post=15300"},{"taxonomy":"product_cat","embeddable":true,"href":"https:\/\/geabarcelona.com\/en\/wp-json\/wp\/v2\/product_cat?post=15300"},{"taxonomy":"product_tag","embeddable":true,"href":"https:\/\/geabarcelona.com\/en\/wp-json\/wp\/v2\/product_tag?post=15300"}],"curies":[{"name":"wp","href":"https:\/\/api.w.org\/{rel}","templated":true}]}}