{"id":15334,"date":"2023-12-22T14:16:53","date_gmt":"2023-12-22T13:16:53","guid":{"rendered":"https:\/\/geabarcelona.com\/producto\/calcita-azul\/"},"modified":"2025-12-11T13:00:44","modified_gmt":"2025-12-11T12:00:44","slug":"calcita-azul","status":"publish","type":"product","link":"https:\/\/geabarcelona.com\/en\/product\/calcita-azul\/","title":{"rendered":"CALCITA AZUL"},"content":{"rendered":"<p>La calcita azul es una variedad de calcita que destaca por su suave color azul claro y su brillo v\u00edtreo. Se forma en ambientes sedimentarios y metam\u00f3rficos, y se extrae en regiones como M\u00e9xico, Brasil y Estados Unidos. Espiritualmente, la calcita azul es conocida por sus propiedades calmantes y energ\u00e9ticas, ayudando a aliviar el estr\u00e9s, mejorar la comunicaci\u00f3n y equilibrar el chakra de la garganta para promover la expresi\u00f3n clara y armoniosa. venta por kg.\u00bb<\/p>","protected":false},"excerpt":{"rendered":"<p>Natural, 3-4cm.<\/p>","protected":false},"featured_media":18050,"template":"","meta":[],"product_brand":[],"product_cat":[153,147],"product_tag":[396],"class_list":{"0":"post-15334","1":"product","2":"type-product","3":"status-publish","4":"has-post-thumbnail","6":"product_cat-catalogo","7":"product_cat-terapias-hogar","8":"product_tag-calcita-azul","10":"first","11":"instock","12":"taxable","13":"shipping-taxable","14":"purchasable","15":"product-type-simple"},"_links":{"self":[{"href":"https:\/\/geabarcelona.com\/en\/wp-json\/wp\/v2\/product\/15334","targetHints":{"allow":["GET"]}}],"collection":[{"href":"https:\/\/geabarcelona.com\/en\/wp-json\/wp\/v2\/product"}],"about":[{"href":"https:\/\/geabarcelona.com\/en\/wp-json\/wp\/v2\/types\/product"}],"version-history":[{"count":2,"href":"https:\/\/geabarcelona.com\/en\/wp-json\/wp\/v2\/product\/15334\/revisions"}],"predecessor-version":[{"id":19182,"href":"https:\/\/geabarcelona.com\/en\/wp-json\/wp\/v2\/product\/15334\/revisions\/19182"}],"wp:featuredmedia":[{"embeddable":true,"href":"https:\/\/geabarcelona.com\/en\/wp-json\/wp\/v2\/media\/18050"}],"wp:attachment":[{"href":"https:\/\/geabarcelona.com\/en\/wp-json\/wp\/v2\/media?parent=15334"}],"wp:term":[{"taxonomy":"product_brand","embeddable":true,"href":"https:\/\/geabarcelona.com\/en\/wp-json\/wp\/v2\/product_brand?post=15334"},{"taxonomy":"product_cat","embeddable":true,"href":"https:\/\/geabarcelona.com\/en\/wp-json\/wp\/v2\/product_cat?post=15334"},{"taxonomy":"product_tag","embeddable":true,"href":"https:\/\/geabarcelona.com\/en\/wp-json\/wp\/v2\/product_tag?post=15334"}],"curies":[{"name":"wp","href":"https:\/\/api.w.org\/{rel}","templated":true}]}}