{"id":16001,"date":"2024-01-15T15:45:18","date_gmt":"2024-01-15T14:45:18","guid":{"rendered":"https:\/\/geabarcelona.com\/producto\/masajeador-roll-obsidiana\/"},"modified":"2025-06-19T08:44:02","modified_gmt":"2025-06-19T06:44:02","slug":"masajeador-roll-obsidiana","status":"publish","type":"product","link":"https:\/\/geabarcelona.com\/en\/product\/masajeador-roll-obsidiana\/","title":{"rendered":"Masajeador roll obsidiana"},"content":{"rendered":"<p>Protecci\u00f3n y renovaci\u00f3n para tu piel. Confeccionado con obsidiana natural, este masajeador facial estimula la circulaci\u00f3n, reduce la hinchaz\u00f3n y ayuda a liberar tensiones. La obsidiana es un mineral volc\u00e1nico conocido por su poder protector y desintoxicante, ideal para purificar la piel y promover una apariencia m\u00e1s firme y equilibrada.<\/p>","protected":false},"excerpt":{"rendered":"<p>Protecci\u00f3n y renovaci\u00f3n para tu piel. Confeccionado con obsidiana natural, este masajeador facial estimula la circulaci\u00f3n, reduce la hinchaz\u00f3n y ayuda a liberar tensiones. La obsidiana es un mineral volc\u00e1nico conocido por su poder protector y desintoxicante, ideal para purificar la piel y promover una apariencia m\u00e1s firme y equilibrada.<\/p>","protected":false},"featured_media":13555,"template":"","meta":[],"product_brand":[],"product_cat":[147],"product_tag":[165],"class_list":{"0":"post-16001","1":"product","2":"type-product","3":"status-publish","4":"has-post-thumbnail","6":"product_cat-terapias-hogar","7":"product_tag-mineral","9":"first","10":"instock","11":"taxable","12":"shipping-taxable","13":"purchasable","14":"product-type-simple"},"_links":{"self":[{"href":"https:\/\/geabarcelona.com\/en\/wp-json\/wp\/v2\/product\/16001","targetHints":{"allow":["GET"]}}],"collection":[{"href":"https:\/\/geabarcelona.com\/en\/wp-json\/wp\/v2\/product"}],"about":[{"href":"https:\/\/geabarcelona.com\/en\/wp-json\/wp\/v2\/types\/product"}],"version-history":[{"count":2,"href":"https:\/\/geabarcelona.com\/en\/wp-json\/wp\/v2\/product\/16001\/revisions"}],"predecessor-version":[{"id":18385,"href":"https:\/\/geabarcelona.com\/en\/wp-json\/wp\/v2\/product\/16001\/revisions\/18385"}],"wp:featuredmedia":[{"embeddable":true,"href":"https:\/\/geabarcelona.com\/en\/wp-json\/wp\/v2\/media\/13555"}],"wp:attachment":[{"href":"https:\/\/geabarcelona.com\/en\/wp-json\/wp\/v2\/media?parent=16001"}],"wp:term":[{"taxonomy":"product_brand","embeddable":true,"href":"https:\/\/geabarcelona.com\/en\/wp-json\/wp\/v2\/product_brand?post=16001"},{"taxonomy":"product_cat","embeddable":true,"href":"https:\/\/geabarcelona.com\/en\/wp-json\/wp\/v2\/product_cat?post=16001"},{"taxonomy":"product_tag","embeddable":true,"href":"https:\/\/geabarcelona.com\/en\/wp-json\/wp\/v2\/product_tag?post=16001"}],"curies":[{"name":"wp","href":"https:\/\/api.w.org\/{rel}","templated":true}]}}