{"id":16235,"date":"2024-01-26T13:15:41","date_gmt":"2024-01-26T12:15:41","guid":{"rendered":"https:\/\/geabarcelona.com\/producto\/ametista-facetada-pack-una-pieza-lote14\/"},"modified":"2025-11-21T10:15:58","modified_gmt":"2025-11-21T09:15:58","slug":"ametista-facetada-pack-una-pieza-lote14","status":"publish","type":"product","link":"https:\/\/geabarcelona.com\/en\/product\/ametista-facetada-pack-una-pieza-lote14\/","title":{"rendered":"Amatista facetada Pack una Pieza (lote15)"},"content":{"rendered":"<p>El \u00f3palo se forma en ambientes con presencia de agua, a menudo en cavidades de rocas volc\u00e1nicas. El agua rica en s\u00edlice se filtra por la roca y, al evaporarse lentamente, deja dep\u00f3sitos de s\u00edlice que con el tiempo forman \u00f3palos. Los yacimientos m\u00e1s importantes se encuentran en Australia, M\u00e9xico, Etiop\u00eda, Brasil y Estados Unidos. 8\u20ac\/ct<\/p>\n<p>Pieza de 79,38ct\u00bb<\/p>","protected":false},"excerpt":{"rendered":"<p>El \u00f3palo se forma en ambientes con presencia de agua, a menudo en cavidades de rocas volc\u00e1nicas. El agua rica en s\u00edlice se filtra por la roca y, al evaporarse lentamente, deja dep\u00f3sitos de s\u00edlice que con el tiempo forman \u00f3palos. Los yacimientos m\u00e1s importantes se encuentran en Australia, M\u00e9xico, Etiop\u00eda, Brasil y Estados Unidos. [&hellip;]<\/p>","protected":false},"featured_media":0,"template":"","meta":[],"product_brand":[],"product_cat":[136],"product_tag":[245],"class_list":{"0":"post-16235","1":"product","2":"type-product","3":"status-publish","5":"product_cat-piedras-gemas","6":"product_tag-amatista","8":"first","9":"instock","10":"taxable","11":"shipping-taxable","12":"purchasable","13":"product-type-simple"},"_links":{"self":[{"href":"https:\/\/geabarcelona.com\/en\/wp-json\/wp\/v2\/product\/16235","targetHints":{"allow":["GET"]}}],"collection":[{"href":"https:\/\/geabarcelona.com\/en\/wp-json\/wp\/v2\/product"}],"about":[{"href":"https:\/\/geabarcelona.com\/en\/wp-json\/wp\/v2\/types\/product"}],"version-history":[{"count":1,"href":"https:\/\/geabarcelona.com\/en\/wp-json\/wp\/v2\/product\/16235\/revisions"}],"predecessor-version":[{"id":19301,"href":"https:\/\/geabarcelona.com\/en\/wp-json\/wp\/v2\/product\/16235\/revisions\/19301"}],"wp:attachment":[{"href":"https:\/\/geabarcelona.com\/en\/wp-json\/wp\/v2\/media?parent=16235"}],"wp:term":[{"taxonomy":"product_brand","embeddable":true,"href":"https:\/\/geabarcelona.com\/en\/wp-json\/wp\/v2\/product_brand?post=16235"},{"taxonomy":"product_cat","embeddable":true,"href":"https:\/\/geabarcelona.com\/en\/wp-json\/wp\/v2\/product_cat?post=16235"},{"taxonomy":"product_tag","embeddable":true,"href":"https:\/\/geabarcelona.com\/en\/wp-json\/wp\/v2\/product_tag?post=16235"}],"curies":[{"name":"wp","href":"https:\/\/api.w.org\/{rel}","templated":true}]}}