{"id":16547,"date":"2024-03-01T14:42:27","date_gmt":"2024-03-01T13:42:27","guid":{"rendered":"https:\/\/geabarcelona.com\/producto\/esculturas-de-agata-y-anatista\/"},"modified":"2025-11-21T11:17:30","modified_gmt":"2025-11-21T10:17:30","slug":"esculturas-de-agata-y-anatista","status":"publish","type":"product","link":"https:\/\/geabarcelona.com\/en\/product\/esculturas-de-agata-y-anatista\/","title":{"rendered":"Esculturas de \u00c1gata y amatista"},"content":{"rendered":"<p>\u00c1gata con amatista pulida. Excelente opci\u00f3n decorativa o energ\u00e9tica para espacios que buscan protecci\u00f3n y renovaci\u00f3n. VENTA POR KG\u00bb<\/p>","protected":false},"excerpt":{"rendered":"<p>\u00c1gata con amatista pulida. Excelente opci\u00f3n decorativa o energ\u00e9tica para espacios que buscan protecci\u00f3n y renovaci\u00f3n. VENTA POR KG\u00bb<\/p>","protected":false},"featured_media":0,"template":"","meta":[],"product_brand":[],"product_cat":[148,140],"product_tag":[176,245],"class_list":{"0":"post-16547","1":"product","2":"type-product","3":"status-publish","5":"product_cat-pulido-formas","6":"product_cat-uruguay","7":"product_tag-agata","8":"product_tag-amatista","10":"first","11":"outofstock","12":"taxable","13":"shipping-taxable","14":"purchasable","15":"product-type-simple"},"_links":{"self":[{"href":"https:\/\/geabarcelona.com\/en\/wp-json\/wp\/v2\/product\/16547","targetHints":{"allow":["GET"]}}],"collection":[{"href":"https:\/\/geabarcelona.com\/en\/wp-json\/wp\/v2\/product"}],"about":[{"href":"https:\/\/geabarcelona.com\/en\/wp-json\/wp\/v2\/types\/product"}],"version-history":[{"count":2,"href":"https:\/\/geabarcelona.com\/en\/wp-json\/wp\/v2\/product\/16547\/revisions"}],"predecessor-version":[{"id":19341,"href":"https:\/\/geabarcelona.com\/en\/wp-json\/wp\/v2\/product\/16547\/revisions\/19341"}],"wp:attachment":[{"href":"https:\/\/geabarcelona.com\/en\/wp-json\/wp\/v2\/media?parent=16547"}],"wp:term":[{"taxonomy":"product_brand","embeddable":true,"href":"https:\/\/geabarcelona.com\/en\/wp-json\/wp\/v2\/product_brand?post=16547"},{"taxonomy":"product_cat","embeddable":true,"href":"https:\/\/geabarcelona.com\/en\/wp-json\/wp\/v2\/product_cat?post=16547"},{"taxonomy":"product_tag","embeddable":true,"href":"https:\/\/geabarcelona.com\/en\/wp-json\/wp\/v2\/product_tag?post=16547"}],"curies":[{"name":"wp","href":"https:\/\/api.w.org\/{rel}","templated":true}]}}