{"id":16594,"date":"2024-03-05T12:44:20","date_gmt":"2024-03-05T11:44:20","guid":{"rendered":"https:\/\/geabarcelona.com\/producto\/calavera-de-amatista\/"},"modified":"2025-12-11T11:29:05","modified_gmt":"2025-12-11T10:29:05","slug":"calavera-de-amatista","status":"publish","type":"product","link":"https:\/\/geabarcelona.com\/en\/product\/calavera-de-amatista\/","title":{"rendered":"Calavera de Amatista"},"content":{"rendered":"<p>Calavera tallada en amatista, con su caracter\u00edstico tono violeta suave y acabado brillante. Son ideales para decoraci\u00f3n, colecci\u00f3n o pr\u00e1cticas energ\u00e9ticas enfocadas en la calma emocional.<br \/>\nSale per unit<\/p>","protected":false},"excerpt":{"rendered":"<p>Calavera tallada en amatista, con su caracter\u00edstico tono violeta suave y acabado brillante. Son ideales para decoraci\u00f3n, colecci\u00f3n o pr\u00e1cticas energ\u00e9ticas enfocadas en la calma emocional. Venta por unidad<\/p>","protected":false},"featured_media":18033,"template":"","meta":[],"product_brand":[],"product_cat":[149,148,147],"product_tag":[245],"class_list":{"0":"post-16594","1":"product","2":"type-product","3":"status-publish","4":"has-post-thumbnail","6":"product_cat-decoracion-lamparas","7":"product_cat-pulido-formas","8":"product_cat-terapias-hogar","9":"product_tag-amatista","11":"first","12":"instock","13":"taxable","14":"shipping-taxable","15":"purchasable","16":"product-type-simple"},"_links":{"self":[{"href":"https:\/\/geabarcelona.com\/en\/wp-json\/wp\/v2\/product\/16594","targetHints":{"allow":["GET"]}}],"collection":[{"href":"https:\/\/geabarcelona.com\/en\/wp-json\/wp\/v2\/product"}],"about":[{"href":"https:\/\/geabarcelona.com\/en\/wp-json\/wp\/v2\/types\/product"}],"version-history":[{"count":2,"href":"https:\/\/geabarcelona.com\/en\/wp-json\/wp\/v2\/product\/16594\/revisions"}],"predecessor-version":[{"id":18297,"href":"https:\/\/geabarcelona.com\/en\/wp-json\/wp\/v2\/product\/16594\/revisions\/18297"}],"wp:featuredmedia":[{"embeddable":true,"href":"https:\/\/geabarcelona.com\/en\/wp-json\/wp\/v2\/media\/18033"}],"wp:attachment":[{"href":"https:\/\/geabarcelona.com\/en\/wp-json\/wp\/v2\/media?parent=16594"}],"wp:term":[{"taxonomy":"product_brand","embeddable":true,"href":"https:\/\/geabarcelona.com\/en\/wp-json\/wp\/v2\/product_brand?post=16594"},{"taxonomy":"product_cat","embeddable":true,"href":"https:\/\/geabarcelona.com\/en\/wp-json\/wp\/v2\/product_cat?post=16594"},{"taxonomy":"product_tag","embeddable":true,"href":"https:\/\/geabarcelona.com\/en\/wp-json\/wp\/v2\/product_tag?post=16594"}],"curies":[{"name":"wp","href":"https:\/\/api.w.org\/{rel}","templated":true}]}}