{"id":16596,"date":"2024-03-05T12:46:52","date_gmt":"2024-03-05T11:46:52","guid":{"rendered":"https:\/\/geabarcelona.com\/producto\/calavera-de-fluorita\/"},"modified":"2025-12-11T11:29:16","modified_gmt":"2025-12-11T10:29:16","slug":"fluorite-skull","status":"publish","type":"product","link":"https:\/\/geabarcelona.com\/en\/product\/fluorite-skull\/","title":{"rendered":"Fluorite skull"},"content":{"rendered":"<p>Skull carved in fluorite with beautiful colour combinations of green, violet and blue. Each piece has unique veins and transparencies. Valued for their natural beauty and energy associated with concentration and mental balance. Perfect for collection, meditation or decoration.<br \/>\nSale per unit<\/p>","protected":false},"excerpt":{"rendered":"<p>Calavera tallada en fluorita con bellas combinaciones de colores como verde, violeta y azul. Cada pieza presenta vetas y transparencias \u00fanicas. Valoradas por su belleza natural y su energ\u00eda asociada a la concentraci\u00f3n y el equilibrio mental. Perfectas para colecci\u00f3n, meditaci\u00f3n o decoraci\u00f3n. Venta por unidad<\/p>","protected":false},"featured_media":18032,"template":"","meta":[],"product_brand":[],"product_cat":[149,148,147],"product_tag":[306],"class_list":{"0":"post-16596","1":"product","2":"type-product","3":"status-publish","4":"has-post-thumbnail","6":"product_cat-decoracion-lamparas","7":"product_cat-pulido-formas","8":"product_cat-terapias-hogar","9":"product_tag-fluorita","11":"first","12":"instock","13":"taxable","14":"shipping-taxable","15":"purchasable","16":"product-type-simple"},"_links":{"self":[{"href":"https:\/\/geabarcelona.com\/en\/wp-json\/wp\/v2\/product\/16596","targetHints":{"allow":["GET"]}}],"collection":[{"href":"https:\/\/geabarcelona.com\/en\/wp-json\/wp\/v2\/product"}],"about":[{"href":"https:\/\/geabarcelona.com\/en\/wp-json\/wp\/v2\/types\/product"}],"version-history":[{"count":2,"href":"https:\/\/geabarcelona.com\/en\/wp-json\/wp\/v2\/product\/16596\/revisions"}],"predecessor-version":[{"id":18300,"href":"https:\/\/geabarcelona.com\/en\/wp-json\/wp\/v2\/product\/16596\/revisions\/18300"}],"wp:featuredmedia":[{"embeddable":true,"href":"https:\/\/geabarcelona.com\/en\/wp-json\/wp\/v2\/media\/18032"}],"wp:attachment":[{"href":"https:\/\/geabarcelona.com\/en\/wp-json\/wp\/v2\/media?parent=16596"}],"wp:term":[{"taxonomy":"product_brand","embeddable":true,"href":"https:\/\/geabarcelona.com\/en\/wp-json\/wp\/v2\/product_brand?post=16596"},{"taxonomy":"product_cat","embeddable":true,"href":"https:\/\/geabarcelona.com\/en\/wp-json\/wp\/v2\/product_cat?post=16596"},{"taxonomy":"product_tag","embeddable":true,"href":"https:\/\/geabarcelona.com\/en\/wp-json\/wp\/v2\/product_tag?post=16596"}],"curies":[{"name":"wp","href":"https:\/\/api.w.org\/{rel}","templated":true}]}}