{"id":16751,"date":"2024-06-12T14:40:44","date_gmt":"2024-06-12T12:40:44","guid":{"rendered":"https:\/\/geabarcelona.com\/producto\/chapas-de-agata-xl\/"},"modified":"2025-11-21T11:19:59","modified_gmt":"2025-11-21T10:19:59","slug":"chapas-de-agata-xl","status":"publish","type":"product","link":"https:\/\/geabarcelona.com\/en\/product\/chapas-de-agata-xl\/","title":{"rendered":"Chapas de \u00c1gata XL"},"content":{"rendered":"<p>Chapa de agata montada sobre una base de metal resistente que realza su textura cruda y aut\u00e9ntica. Ideal para decoraci\u00f3n, protecci\u00f3n energ\u00e9tica y espacios con estilo r\u00fastico y moderno. Grandes piezas de \u00c1gata. VENTA POR KG.\u00bb<\/p>","protected":false},"excerpt":{"rendered":"<p>Chapa de agata montada sobre una base de metal resistente que realza su textura cruda y aut\u00e9ntica. Ideal para decoraci\u00f3n, protecci\u00f3n energ\u00e9tica y espacios con estilo r\u00fastico y moderno. Grandes piezas de \u00c1gata. VENTA POR KG.\u00bb<\/p>","protected":false},"featured_media":0,"template":"","meta":[],"product_brand":[],"product_cat":[148],"product_tag":[176],"class_list":{"0":"post-16751","1":"product","2":"type-product","3":"status-publish","5":"product_cat-pulido-formas","6":"product_tag-agata","8":"first","9":"outofstock","10":"taxable","11":"shipping-taxable","12":"purchasable","13":"product-type-simple"},"_links":{"self":[{"href":"https:\/\/geabarcelona.com\/en\/wp-json\/wp\/v2\/product\/16751","targetHints":{"allow":["GET"]}}],"collection":[{"href":"https:\/\/geabarcelona.com\/en\/wp-json\/wp\/v2\/product"}],"about":[{"href":"https:\/\/geabarcelona.com\/en\/wp-json\/wp\/v2\/types\/product"}],"version-history":[{"count":2,"href":"https:\/\/geabarcelona.com\/en\/wp-json\/wp\/v2\/product\/16751\/revisions"}],"predecessor-version":[{"id":19353,"href":"https:\/\/geabarcelona.com\/en\/wp-json\/wp\/v2\/product\/16751\/revisions\/19353"}],"wp:attachment":[{"href":"https:\/\/geabarcelona.com\/en\/wp-json\/wp\/v2\/media?parent=16751"}],"wp:term":[{"taxonomy":"product_brand","embeddable":true,"href":"https:\/\/geabarcelona.com\/en\/wp-json\/wp\/v2\/product_brand?post=16751"},{"taxonomy":"product_cat","embeddable":true,"href":"https:\/\/geabarcelona.com\/en\/wp-json\/wp\/v2\/product_cat?post=16751"},{"taxonomy":"product_tag","embeddable":true,"href":"https:\/\/geabarcelona.com\/en\/wp-json\/wp\/v2\/product_tag?post=16751"}],"curies":[{"name":"wp","href":"https:\/\/api.w.org\/{rel}","templated":true}]}}