{"id":17127,"date":"2025-02-05T13:08:20","date_gmt":"2025-02-05T12:08:20","guid":{"rendered":"https:\/\/geabarcelona.com\/?post_type=product&#038;p=17127"},"modified":"2025-11-21T11:26:11","modified_gmt":"2025-11-21T10:26:11","slug":"cuenco-tibetano-cobre-13cm-700gr","status":"publish","type":"product","link":"https:\/\/geabarcelona.com\/en\/product\/cuenco-tibetano-cobre-13cm-700gr\/","title":{"rendered":"CUENCO TIBETANO COBRE 13CM 700GR"},"content":{"rendered":"<p>Cuenco tibetano de cobre de 13 cm de di\u00e1metro y 700 gramos, elaborado artesanalmente para producir sonidos arm\u00f3nicos y vibraciones sanadoras. Ideal para meditaci\u00f3n, terapias de sonido y pr\u00e1cticas espirituales que buscan equilibrio y relajaci\u00f3n profunda. \u00ab<\/p>","protected":false},"excerpt":{"rendered":"<p>Cuenco tibetano de cobre de 13 cm de di\u00e1metro y 700 gramos, elaborado artesanalmente para producir sonidos arm\u00f3nicos y vibraciones sanadoras. Ideal para meditaci\u00f3n, terapias de sonido y pr\u00e1cticas espirituales que buscan equilibrio y relajaci\u00f3n profunda. \u00ab<\/p>","protected":false},"featured_media":17128,"template":"","meta":[],"product_brand":[],"product_cat":[147],"product_tag":[432],"class_list":{"0":"post-17127","1":"product","2":"type-product","3":"status-publish","4":"has-post-thumbnail","6":"product_cat-terapias-hogar","7":"product_tag-cuenco-tibetano","9":"first","10":"outofstock","11":"taxable","12":"shipping-taxable","13":"purchasable","14":"product-type-simple"},"_links":{"self":[{"href":"https:\/\/geabarcelona.com\/en\/wp-json\/wp\/v2\/product\/17127","targetHints":{"allow":["GET"]}}],"collection":[{"href":"https:\/\/geabarcelona.com\/en\/wp-json\/wp\/v2\/product"}],"about":[{"href":"https:\/\/geabarcelona.com\/en\/wp-json\/wp\/v2\/types\/product"}],"version-history":[{"count":2,"href":"https:\/\/geabarcelona.com\/en\/wp-json\/wp\/v2\/product\/17127\/revisions"}],"predecessor-version":[{"id":19372,"href":"https:\/\/geabarcelona.com\/en\/wp-json\/wp\/v2\/product\/17127\/revisions\/19372"}],"wp:featuredmedia":[{"embeddable":true,"href":"https:\/\/geabarcelona.com\/en\/wp-json\/wp\/v2\/media\/17128"}],"wp:attachment":[{"href":"https:\/\/geabarcelona.com\/en\/wp-json\/wp\/v2\/media?parent=17127"}],"wp:term":[{"taxonomy":"product_brand","embeddable":true,"href":"https:\/\/geabarcelona.com\/en\/wp-json\/wp\/v2\/product_brand?post=17127"},{"taxonomy":"product_cat","embeddable":true,"href":"https:\/\/geabarcelona.com\/en\/wp-json\/wp\/v2\/product_cat?post=17127"},{"taxonomy":"product_tag","embeddable":true,"href":"https:\/\/geabarcelona.com\/en\/wp-json\/wp\/v2\/product_tag?post=17127"}],"curies":[{"name":"wp","href":"https:\/\/api.w.org\/{rel}","templated":true}]}}