{"id":17130,"date":"2025-02-05T13:14:37","date_gmt":"2025-02-05T12:14:37","guid":{"rendered":"https:\/\/geabarcelona.com\/?post_type=product&#038;p=17130"},"modified":"2025-12-11T11:30:30","modified_gmt":"2025-12-11T10:30:30","slug":"cuenco-tibetano-cobre-15cm-1050gr","status":"publish","type":"product","link":"https:\/\/geabarcelona.com\/en\/product\/cuenco-tibetano-cobre-15cm-1050gr\/","title":{"rendered":"CUENCO TIBETANO COBRE 15CM 1050GR"},"content":{"rendered":"<p>Cuenco tibetano de cobre de 15 cm de di\u00e1metro y 1050 gramos, elaborado artesanalmente para producir sonidos arm\u00f3nicos y vibraciones sanadoras. Ideal para meditaci\u00f3n, terapias de sonido y pr\u00e1cticas espirituales que buscan equilibrio y relajaci\u00f3n profunda. \u00ab<\/p>","protected":false},"excerpt":{"rendered":"<p>Cuenco tibetano de cobre de 15 cm de di\u00e1metro y 1050 gramos, elaborado artesanalmente para producir sonidos arm\u00f3nicos y vibraciones sanadoras. Ideal para meditaci\u00f3n, terapias de sonido y pr\u00e1cticas espirituales que buscan equilibrio y relajaci\u00f3n profunda. \u00ab<\/p>","protected":false},"featured_media":17844,"template":"","meta":[],"product_brand":[],"product_cat":[149,147],"product_tag":[432],"class_list":{"0":"post-17130","1":"product","2":"type-product","3":"status-publish","4":"has-post-thumbnail","6":"product_cat-decoracion-lamparas","7":"product_cat-terapias-hogar","8":"product_tag-cuenco-tibetano","10":"first","11":"outofstock","12":"taxable","13":"shipping-taxable","14":"purchasable","15":"product-type-simple"},"_links":{"self":[{"href":"https:\/\/geabarcelona.com\/en\/wp-json\/wp\/v2\/product\/17130","targetHints":{"allow":["GET"]}}],"collection":[{"href":"https:\/\/geabarcelona.com\/en\/wp-json\/wp\/v2\/product"}],"about":[{"href":"https:\/\/geabarcelona.com\/en\/wp-json\/wp\/v2\/types\/product"}],"version-history":[{"count":2,"href":"https:\/\/geabarcelona.com\/en\/wp-json\/wp\/v2\/product\/17130\/revisions"}],"predecessor-version":[{"id":19370,"href":"https:\/\/geabarcelona.com\/en\/wp-json\/wp\/v2\/product\/17130\/revisions\/19370"}],"wp:featuredmedia":[{"embeddable":true,"href":"https:\/\/geabarcelona.com\/en\/wp-json\/wp\/v2\/media\/17844"}],"wp:attachment":[{"href":"https:\/\/geabarcelona.com\/en\/wp-json\/wp\/v2\/media?parent=17130"}],"wp:term":[{"taxonomy":"product_brand","embeddable":true,"href":"https:\/\/geabarcelona.com\/en\/wp-json\/wp\/v2\/product_brand?post=17130"},{"taxonomy":"product_cat","embeddable":true,"href":"https:\/\/geabarcelona.com\/en\/wp-json\/wp\/v2\/product_cat?post=17130"},{"taxonomy":"product_tag","embeddable":true,"href":"https:\/\/geabarcelona.com\/en\/wp-json\/wp\/v2\/product_tag?post=17130"}],"curies":[{"name":"wp","href":"https:\/\/api.w.org\/{rel}","templated":true}]}}