{"id":17307,"date":"2025-02-17T15:28:55","date_gmt":"2025-02-17T14:28:55","guid":{"rendered":"https:\/\/geabarcelona.com\/?post_type=product&#038;p=17307"},"modified":"2025-12-11T13:15:32","modified_gmt":"2025-12-11T12:15:32","slug":"geoda-cuarzo-30pc-unidad","status":"publish","type":"product","link":"https:\/\/geabarcelona.com\/en\/product\/geoda-cuarzo-30pc-unidad\/","title":{"rendered":"GEODA CUARZO 30PC (UNIDAD)"},"content":{"rendered":"<p>Conjunto de trienta piezas de geodas naturales de cuarzo con cavidades internas repletas de cristales brillantes y transl\u00facidos. Cada pieza es unica, ideales para decoraci\u00f3n, coleccionismo o para terapias energ\u00e9ticas y armonizar espacios.<br \/>\nREVISAR CENTIMETROS POR DIAMETRO<br \/>\nPrecio\/unidas<\/p>","protected":false},"excerpt":{"rendered":"<p>Conjunto de trienta piezas de geodas naturales de cuarzo con cavidades internas repletas de cristales brillantes y transl\u00facidos. Cada pieza es unica, ideales para decoraci\u00f3n, coleccionismo o para terapias energ\u00e9ticas y armonizar espacios. REVISAR CENTIMETROS POR DIAMETRO Precio\/unidas<\/p>","protected":false},"featured_media":17302,"template":"","meta":[],"product_brand":[],"product_cat":[136],"product_tag":[197],"class_list":{"0":"post-17307","1":"product","2":"type-product","3":"status-publish","4":"has-post-thumbnail","6":"product_cat-piedras-gemas","7":"product_tag-geodas","9":"first","10":"instock","11":"taxable","12":"shipping-taxable","13":"purchasable","14":"product-type-simple"},"_links":{"self":[{"href":"https:\/\/geabarcelona.com\/en\/wp-json\/wp\/v2\/product\/17307","targetHints":{"allow":["GET"]}}],"collection":[{"href":"https:\/\/geabarcelona.com\/en\/wp-json\/wp\/v2\/product"}],"about":[{"href":"https:\/\/geabarcelona.com\/en\/wp-json\/wp\/v2\/types\/product"}],"version-history":[{"count":2,"href":"https:\/\/geabarcelona.com\/en\/wp-json\/wp\/v2\/product\/17307\/revisions"}],"predecessor-version":[{"id":18158,"href":"https:\/\/geabarcelona.com\/en\/wp-json\/wp\/v2\/product\/17307\/revisions\/18158"}],"wp:featuredmedia":[{"embeddable":true,"href":"https:\/\/geabarcelona.com\/en\/wp-json\/wp\/v2\/media\/17302"}],"wp:attachment":[{"href":"https:\/\/geabarcelona.com\/en\/wp-json\/wp\/v2\/media?parent=17307"}],"wp:term":[{"taxonomy":"product_brand","embeddable":true,"href":"https:\/\/geabarcelona.com\/en\/wp-json\/wp\/v2\/product_brand?post=17307"},{"taxonomy":"product_cat","embeddable":true,"href":"https:\/\/geabarcelona.com\/en\/wp-json\/wp\/v2\/product_cat?post=17307"},{"taxonomy":"product_tag","embeddable":true,"href":"https:\/\/geabarcelona.com\/en\/wp-json\/wp\/v2\/product_tag?post=17307"}],"curies":[{"name":"wp","href":"https:\/\/api.w.org\/{rel}","templated":true}]}}