{"id":17353,"date":"2025-02-17T15:55:42","date_gmt":"2025-02-17T14:55:42","guid":{"rendered":"https:\/\/geabarcelona.com\/?post_type=product&#038;p=17353"},"modified":"2025-12-10T17:29:45","modified_gmt":"2025-12-10T16:29:45","slug":"set-planetas-mineral","status":"publish","type":"product","link":"https:\/\/geabarcelona.com\/en\/product\/set-planetas-mineral\/","title":{"rendered":"Mineral planet set"},"content":{"rendered":"<p>Set inspirado en los planetas del sistema solar, compuesto por minerales seleccionados que representan los colores y energ\u00edas de cada planeta. Ideal para decoraci\u00f3n, colecci\u00f3n o terapias energ\u00e9ticas, este set ofrece una conexi\u00f3n simb\u00f3lica con el cosmos y fomenta la armon\u00eda, el equilibrio y la expansi\u00f3n espiritual. \u00ab<\/p>","protected":false},"excerpt":{"rendered":"<p>Set inspirado en los planetas del sistema solar, compuesto por minerales seleccionados que representan los colores y energ\u00edas de cada planeta. Ideal para decoraci\u00f3n, colecci\u00f3n o terapias energ\u00e9ticas, este set ofrece una conexi\u00f3n simb\u00f3lica con el cosmos y fomenta la armon\u00eda, el equilibrio y la expansi\u00f3n espiritual. \u00ab<\/p>","protected":false},"featured_media":17354,"template":"","meta":[],"product_brand":[],"product_cat":[148],"product_tag":[327],"class_list":{"0":"post-17353","1":"product","2":"type-product","3":"status-publish","4":"has-post-thumbnail","6":"product_cat-pulido-formas","7":"product_tag-minerales","9":"first","10":"instock","11":"taxable","12":"shipping-taxable","13":"purchasable","14":"product-type-simple"},"_links":{"self":[{"href":"https:\/\/geabarcelona.com\/en\/wp-json\/wp\/v2\/product\/17353","targetHints":{"allow":["GET"]}}],"collection":[{"href":"https:\/\/geabarcelona.com\/en\/wp-json\/wp\/v2\/product"}],"about":[{"href":"https:\/\/geabarcelona.com\/en\/wp-json\/wp\/v2\/types\/product"}],"version-history":[{"count":2,"href":"https:\/\/geabarcelona.com\/en\/wp-json\/wp\/v2\/product\/17353\/revisions"}],"predecessor-version":[{"id":19386,"href":"https:\/\/geabarcelona.com\/en\/wp-json\/wp\/v2\/product\/17353\/revisions\/19386"}],"wp:featuredmedia":[{"embeddable":true,"href":"https:\/\/geabarcelona.com\/en\/wp-json\/wp\/v2\/media\/17354"}],"wp:attachment":[{"href":"https:\/\/geabarcelona.com\/en\/wp-json\/wp\/v2\/media?parent=17353"}],"wp:term":[{"taxonomy":"product_brand","embeddable":true,"href":"https:\/\/geabarcelona.com\/en\/wp-json\/wp\/v2\/product_brand?post=17353"},{"taxonomy":"product_cat","embeddable":true,"href":"https:\/\/geabarcelona.com\/en\/wp-json\/wp\/v2\/product_cat?post=17353"},{"taxonomy":"product_tag","embeddable":true,"href":"https:\/\/geabarcelona.com\/en\/wp-json\/wp\/v2\/product_tag?post=17353"}],"curies":[{"name":"wp","href":"https:\/\/api.w.org\/{rel}","templated":true}]}}