{"id":17479,"date":"2025-02-17T16:48:24","date_gmt":"2025-02-17T15:48:24","guid":{"rendered":"https:\/\/geabarcelona.com\/?post_type=product&#038;p=17479"},"modified":"2025-12-11T13:16:13","modified_gmt":"2025-12-11T12:16:13","slug":"geoda-cuarzo-xl-unidad","status":"publish","type":"product","link":"https:\/\/geabarcelona.com\/en\/product\/geoda-cuarzo-xl-unidad\/","title":{"rendered":"XL QUARTZ GEODE (UNIT)"},"content":{"rendered":"<p>Geoda natural de cuarzo con cavidades internas repletas de cristales brillantes y transl\u00facidos. Pieza unica, ideales para decoraci\u00f3n, coleccionismo o para terapias energ\u00e9ticas y armonizar espacios.<\/p>\n<p>A CONSULTAR CON EL COMERCIAL<\/p>","protected":false},"excerpt":{"rendered":"<p>Geoda natural de cuarzo con cavidades internas repletas de cristales brillantes y transl\u00facidos. Pieza unica, ideales para decoraci\u00f3n, coleccionismo o para terapias energ\u00e9ticas y armonizar espacios. A CONSULTAR CON EL COMERCIAL<\/p>","protected":false},"featured_media":17480,"template":"","meta":[],"product_brand":[],"product_cat":[136],"product_tag":[211],"class_list":{"0":"post-17479","1":"product","2":"type-product","3":"status-publish","4":"has-post-thumbnail","6":"product_cat-piedras-gemas","7":"product_tag-decoracion","9":"first","10":"instock","11":"taxable","12":"shipping-taxable","13":"purchasable","14":"product-type-simple"},"_links":{"self":[{"href":"https:\/\/geabarcelona.com\/en\/wp-json\/wp\/v2\/product\/17479","targetHints":{"allow":["GET"]}}],"collection":[{"href":"https:\/\/geabarcelona.com\/en\/wp-json\/wp\/v2\/product"}],"about":[{"href":"https:\/\/geabarcelona.com\/en\/wp-json\/wp\/v2\/types\/product"}],"version-history":[{"count":2,"href":"https:\/\/geabarcelona.com\/en\/wp-json\/wp\/v2\/product\/17479\/revisions"}],"predecessor-version":[{"id":18178,"href":"https:\/\/geabarcelona.com\/en\/wp-json\/wp\/v2\/product\/17479\/revisions\/18178"}],"wp:featuredmedia":[{"embeddable":true,"href":"https:\/\/geabarcelona.com\/en\/wp-json\/wp\/v2\/media\/17480"}],"wp:attachment":[{"href":"https:\/\/geabarcelona.com\/en\/wp-json\/wp\/v2\/media?parent=17479"}],"wp:term":[{"taxonomy":"product_brand","embeddable":true,"href":"https:\/\/geabarcelona.com\/en\/wp-json\/wp\/v2\/product_brand?post=17479"},{"taxonomy":"product_cat","embeddable":true,"href":"https:\/\/geabarcelona.com\/en\/wp-json\/wp\/v2\/product_cat?post=17479"},{"taxonomy":"product_tag","embeddable":true,"href":"https:\/\/geabarcelona.com\/en\/wp-json\/wp\/v2\/product_tag?post=17479"}],"curies":[{"name":"wp","href":"https:\/\/api.w.org\/{rel}","templated":true}]}}