{"id":17482,"date":"2025-02-17T16:49:07","date_gmt":"2025-02-17T15:49:07","guid":{"rendered":"https:\/\/geabarcelona.com\/?post_type=product&#038;p=17482"},"modified":"2025-12-11T13:16:42","modified_gmt":"2025-12-11T12:16:42","slug":"geoda-cuarzo-xxl-unidad","status":"publish","type":"product","link":"https:\/\/geabarcelona.com\/en\/product\/geoda-cuarzo-xxl-unidad\/","title":{"rendered":"XXL QUARTZ GEODE (UNIT)"},"content":{"rendered":"<p>Geoda natural de cuarzo con cavidades internas repletas de cristales brillantes y transl\u00facidos. Pieza unica, ideales para decoraci\u00f3n, coleccionismo o para terapias energ\u00e9ticas y armonizar espacios.  A CONSULTAR CON EL COMERCIAL.<br \/>\nEl cuarzo cristal, tambi\u00e9n conocido como cristal de roca, es una de las variedades m\u00e1s puras de cuarzo. Este mineral, compuesto principalmente por di\u00f3xido de silicio, se distingue por su notable transparencia y brillo v\u00edtreo. Puede presentarse en forma cristalina, con cristales prism\u00e1ticos visibles, o en forma criptocristalina, con cristales microsc\u00f3picos. Su formaci\u00f3n se produce principalmente en ambientes geol\u00f3gicos como pegmatitas y yacimientos volc\u00e1nicos, y se encuentra en diversas regiones del mundo, siendo Brasil, Madagascar y los Estados Unidos algunos de los principales productores.<br \/>\nEn el \u00e1mbito espiritual, el cuarzo cristal es reconocido como un potente amplificador de energ\u00eda, con la capacidad de limpiar y equilibrar los campos energ\u00e9ticos. Se cree que favorece la meditaci\u00f3n, mejora la concentraci\u00f3n y promueve la armonizaci\u00f3n de los chakras. Sin embargo, debido a su naturaleza activadora, no se recomienda su uso antes de dormir. \u00ab<\/p>","protected":false},"excerpt":{"rendered":"<p>Geoda natural de cuarzo con cavidades internas repletas de cristales brillantes y transl\u00facidos. Pieza unica, ideales para decoraci\u00f3n, coleccionismo o para terapias energ\u00e9ticas y armonizar espacios. A CONSULTAR CON EL COMERCIAL. El cuarzo cristal, tambi\u00e9n conocido como cristal de roca, es una de las variedades m\u00e1s puras de cuarzo. Este mineral, compuesto principalmente por di\u00f3xido [&hellip;]<\/p>","protected":false},"featured_media":17480,"template":"","meta":[],"product_brand":[],"product_cat":[136],"product_tag":[330],"class_list":{"0":"post-17482","1":"product","2":"type-product","3":"status-publish","4":"has-post-thumbnail","6":"product_cat-piedras-gemas","7":"product_tag-cuarzo","9":"first","10":"instock","11":"taxable","12":"shipping-taxable","13":"purchasable","14":"product-type-simple"},"_links":{"self":[{"href":"https:\/\/geabarcelona.com\/en\/wp-json\/wp\/v2\/product\/17482","targetHints":{"allow":["GET"]}}],"collection":[{"href":"https:\/\/geabarcelona.com\/en\/wp-json\/wp\/v2\/product"}],"about":[{"href":"https:\/\/geabarcelona.com\/en\/wp-json\/wp\/v2\/types\/product"}],"version-history":[{"count":3,"href":"https:\/\/geabarcelona.com\/en\/wp-json\/wp\/v2\/product\/17482\/revisions"}],"predecessor-version":[{"id":19396,"href":"https:\/\/geabarcelona.com\/en\/wp-json\/wp\/v2\/product\/17482\/revisions\/19396"}],"wp:featuredmedia":[{"embeddable":true,"href":"https:\/\/geabarcelona.com\/en\/wp-json\/wp\/v2\/media\/17480"}],"wp:attachment":[{"href":"https:\/\/geabarcelona.com\/en\/wp-json\/wp\/v2\/media?parent=17482"}],"wp:term":[{"taxonomy":"product_brand","embeddable":true,"href":"https:\/\/geabarcelona.com\/en\/wp-json\/wp\/v2\/product_brand?post=17482"},{"taxonomy":"product_cat","embeddable":true,"href":"https:\/\/geabarcelona.com\/en\/wp-json\/wp\/v2\/product_cat?post=17482"},{"taxonomy":"product_tag","embeddable":true,"href":"https:\/\/geabarcelona.com\/en\/wp-json\/wp\/v2\/product_tag?post=17482"}],"curies":[{"name":"wp","href":"https:\/\/api.w.org\/{rel}","templated":true}]}}