{"id":17484,"date":"2025-02-17T16:50:26","date_gmt":"2025-02-17T15:50:26","guid":{"rendered":"https:\/\/geabarcelona.com\/?post_type=product&#038;p=17484"},"modified":"2025-12-10T17:05:14","modified_gmt":"2025-12-10T16:05:14","slug":"rose-quartz-roll-massager","status":"publish","type":"product","link":"https:\/\/geabarcelona.com\/en\/product\/rose-quartz-roll-massager\/","title":{"rendered":"ROLL MASSAGER \u2013 ROSE QUARTZ"},"content":{"rendered":"<p>Love and care for your skin.<br \/>\nMade with natural rose quartz, this facial massager promotes smoothness, reduces puffiness and revitalises the face. Known as the stone of love, rose quartz brings calm, balance and a sense of well-being, ideal for incorporating into your personal care routine with a touch of positive energy.<\/p>","protected":false},"excerpt":{"rendered":"<p>Amor y cuidado para tu piel. Elaborado con cuarzo rosa natural, este masajeador facial promueve la suavidad, reduce la hinchaz\u00f3n y revitaliza el rostro. Conocido como la piedra del amor, el cuarzo rosa aporta calma, equilibrio y una sensaci\u00f3n de bienestar, ideal para incorporar a tu rutina de cuidado personal con un toque de energ\u00eda [&hellip;]<\/p>","protected":false},"featured_media":17485,"template":"","meta":[],"product_brand":[],"product_cat":[147],"product_tag":[179],"class_list":{"0":"post-17484","1":"product","2":"type-product","3":"status-publish","4":"has-post-thumbnail","6":"product_cat-terapias-hogar","7":"product_tag-cuarzo-rosa","9":"first","10":"instock","11":"taxable","12":"shipping-taxable","13":"purchasable","14":"product-type-simple"},"_links":{"self":[{"href":"https:\/\/geabarcelona.com\/en\/wp-json\/wp\/v2\/product\/17484","targetHints":{"allow":["GET"]}}],"collection":[{"href":"https:\/\/geabarcelona.com\/en\/wp-json\/wp\/v2\/product"}],"about":[{"href":"https:\/\/geabarcelona.com\/en\/wp-json\/wp\/v2\/types\/product"}],"version-history":[{"count":2,"href":"https:\/\/geabarcelona.com\/en\/wp-json\/wp\/v2\/product\/17484\/revisions"}],"predecessor-version":[{"id":18127,"href":"https:\/\/geabarcelona.com\/en\/wp-json\/wp\/v2\/product\/17484\/revisions\/18127"}],"wp:featuredmedia":[{"embeddable":true,"href":"https:\/\/geabarcelona.com\/en\/wp-json\/wp\/v2\/media\/17485"}],"wp:attachment":[{"href":"https:\/\/geabarcelona.com\/en\/wp-json\/wp\/v2\/media?parent=17484"}],"wp:term":[{"taxonomy":"product_brand","embeddable":true,"href":"https:\/\/geabarcelona.com\/en\/wp-json\/wp\/v2\/product_brand?post=17484"},{"taxonomy":"product_cat","embeddable":true,"href":"https:\/\/geabarcelona.com\/en\/wp-json\/wp\/v2\/product_cat?post=17484"},{"taxonomy":"product_tag","embeddable":true,"href":"https:\/\/geabarcelona.com\/en\/wp-json\/wp\/v2\/product_tag?post=17484"}],"curies":[{"name":"wp","href":"https:\/\/api.w.org\/{rel}","templated":true}]}}