{"id":17874,"date":"2025-05-26T14:00:29","date_gmt":"2025-05-26T12:00:29","guid":{"rendered":"https:\/\/geabarcelona.com\/?post_type=product&#038;p=17874"},"modified":"2025-12-10T17:04:17","modified_gmt":"2025-12-10T16:04:17","slug":"luna-de-selenita","status":"publish","type":"product","link":"https:\/\/geabarcelona.com\/en\/product\/luna-de-selenita\/","title":{"rendered":"LUNA DE SELENITA"},"content":{"rendered":"<p>Selenita pulida en forma de luna con su cracteristico tono traslucido. Perfectas para decoraci\u00f3n, colecci\u00f3n o uso energ\u00e9tico. \u00ab<\/p>","protected":false},"excerpt":{"rendered":"<p>Selenita pulida en forma de luna con su cracteristico tono traslucido. Perfectas para decoraci\u00f3n, colecci\u00f3n o uso energ\u00e9tico. \u00ab<\/p>","protected":false},"featured_media":17875,"template":"","meta":[],"product_brand":[],"product_cat":[148],"product_tag":[340],"class_list":{"0":"post-17874","1":"product","2":"type-product","3":"status-publish","4":"has-post-thumbnail","6":"product_cat-pulido-formas","7":"product_tag-selenita","9":"first","10":"instock","11":"taxable","12":"shipping-taxable","13":"purchasable","14":"product-type-simple"},"_links":{"self":[{"href":"https:\/\/geabarcelona.com\/en\/wp-json\/wp\/v2\/product\/17874","targetHints":{"allow":["GET"]}}],"collection":[{"href":"https:\/\/geabarcelona.com\/en\/wp-json\/wp\/v2\/product"}],"about":[{"href":"https:\/\/geabarcelona.com\/en\/wp-json\/wp\/v2\/types\/product"}],"version-history":[{"count":3,"href":"https:\/\/geabarcelona.com\/en\/wp-json\/wp\/v2\/product\/17874\/revisions"}],"predecessor-version":[{"id":19395,"href":"https:\/\/geabarcelona.com\/en\/wp-json\/wp\/v2\/product\/17874\/revisions\/19395"}],"wp:featuredmedia":[{"embeddable":true,"href":"https:\/\/geabarcelona.com\/en\/wp-json\/wp\/v2\/media\/17875"}],"wp:attachment":[{"href":"https:\/\/geabarcelona.com\/en\/wp-json\/wp\/v2\/media?parent=17874"}],"wp:term":[{"taxonomy":"product_brand","embeddable":true,"href":"https:\/\/geabarcelona.com\/en\/wp-json\/wp\/v2\/product_brand?post=17874"},{"taxonomy":"product_cat","embeddable":true,"href":"https:\/\/geabarcelona.com\/en\/wp-json\/wp\/v2\/product_cat?post=17874"},{"taxonomy":"product_tag","embeddable":true,"href":"https:\/\/geabarcelona.com\/en\/wp-json\/wp\/v2\/product_tag?post=17874"}],"curies":[{"name":"wp","href":"https:\/\/api.w.org\/{rel}","templated":true}]}}