{"id":18657,"date":"2025-07-18T12:25:37","date_gmt":"2025-07-18T10:25:37","guid":{"rendered":"https:\/\/geabarcelona.com\/?post_type=product&#038;p=18657"},"modified":"2025-12-11T13:08:50","modified_gmt":"2025-12-11T12:08:50","slug":"esfera-labradorita","status":"publish","type":"product","link":"https:\/\/geabarcelona.com\/en\/product\/esfera-labradorita\/","title":{"rendered":"LABRADORITE SPHERE"},"content":{"rendered":"<p>Esfera pulida de labradorita con tonos verdosas y vetas naturales. Cada pieza es \u00fanica y combina est\u00e9tica con propiedades energ\u00e9ticas asociadas a la protecci\u00f3n, intuici\u00f3n y transformaci\u00f3n.. Ideal para decoraci\u00f3n, meditaci\u00f3n o colecci\u00f3n.<\/p>","protected":false},"excerpt":{"rendered":"<p>Esfera pulida de labradorita con tonos verdosas y vetas naturales. Cada pieza es \u00fanica y combina est\u00e9tica con propiedades energ\u00e9ticas asociadas a la protecci\u00f3n, intuici\u00f3n y transformaci\u00f3n.. Ideal para decoraci\u00f3n, meditaci\u00f3n o colecci\u00f3n.<\/p>","protected":false},"featured_media":18659,"template":"","meta":[],"product_brand":[],"product_cat":[148,147],"product_tag":[184,165,322,327,169],"class_list":{"0":"post-18657","1":"product","2":"type-product","3":"status-publish","4":"has-post-thumbnail","6":"product_cat-pulido-formas","7":"product_cat-terapias-hogar","8":"product_tag-labradorita","9":"product_tag-mineral","10":"product_tag-mineral-pulido","11":"product_tag-minerales","12":"product_tag-venta-mayorista-de-minerales","14":"first","15":"instock","16":"taxable","17":"shipping-taxable","18":"purchasable","19":"product-type-simple"},"_links":{"self":[{"href":"https:\/\/geabarcelona.com\/en\/wp-json\/wp\/v2\/product\/18657","targetHints":{"allow":["GET"]}}],"collection":[{"href":"https:\/\/geabarcelona.com\/en\/wp-json\/wp\/v2\/product"}],"about":[{"href":"https:\/\/geabarcelona.com\/en\/wp-json\/wp\/v2\/types\/product"}],"version-history":[{"count":1,"href":"https:\/\/geabarcelona.com\/en\/wp-json\/wp\/v2\/product\/18657\/revisions"}],"predecessor-version":[{"id":18661,"href":"https:\/\/geabarcelona.com\/en\/wp-json\/wp\/v2\/product\/18657\/revisions\/18661"}],"wp:featuredmedia":[{"embeddable":true,"href":"https:\/\/geabarcelona.com\/en\/wp-json\/wp\/v2\/media\/18659"}],"wp:attachment":[{"href":"https:\/\/geabarcelona.com\/en\/wp-json\/wp\/v2\/media?parent=18657"}],"wp:term":[{"taxonomy":"product_brand","embeddable":true,"href":"https:\/\/geabarcelona.com\/en\/wp-json\/wp\/v2\/product_brand?post=18657"},{"taxonomy":"product_cat","embeddable":true,"href":"https:\/\/geabarcelona.com\/en\/wp-json\/wp\/v2\/product_cat?post=18657"},{"taxonomy":"product_tag","embeddable":true,"href":"https:\/\/geabarcelona.com\/en\/wp-json\/wp\/v2\/product_tag?post=18657"}],"curies":[{"name":"wp","href":"https:\/\/api.w.org\/{rel}","templated":true}]}}