{"id":15053,"date":"2023-12-21T17:05:18","date_gmt":"2023-12-21T16:05:18","guid":{"rendered":"https:\/\/geabarcelona.com\/?page_id=15053"},"modified":"2025-04-01T20:54:47","modified_gmt":"2025-04-01T18:54:47","slug":"envios-y-devoluciones","status":"publish","type":"page","link":"https:\/\/geabarcelona.com\/fr\/envios-y-devoluciones\/","title":{"rendered":"Exp\u00e9dition et retours"},"content":{"rendered":"<div data-elementor-type=\"wp-page\" data-elementor-id=\"15053\" class=\"elementor elementor-15053\" data-elementor-post-type=\"page\">\n\t\t\t\t\t\t<section class=\"elementor-section elementor-top-section elementor-element elementor-element-0540ce8 elementor-section-height-min-height elementor-section-boxed elementor-section-height-default elementor-section-items-middle\" data-id=\"0540ce8\" data-element_type=\"section\" data-e-type=\"section\" data-settings=\"{&quot;background_background&quot;:&quot;classic&quot;}\">\n\t\t\t\t\t\t<div class=\"elementor-container elementor-column-gap-no\">\n\t\t\t\t\t<div class=\"elementor-column elementor-col-100 elementor-top-column elementor-element elementor-element-9426af3\" data-id=\"9426af3\" data-element_type=\"column\" data-e-type=\"column\" data-settings=\"{&quot;background_background&quot;:&quot;classic&quot;}\">\n\t\t\t<div class=\"elementor-widget-wrap elementor-element-populated\">\n\t\t\t\t\t<div class=\"elementor-background-overlay\"><\/div>\n\t\t\t\t\t\t<div class=\"elementor-element elementor-element-5f41ca8 elementor-widget elementor-widget-heading\" data-id=\"5f41ca8\" data-element_type=\"widget\" data-e-type=\"widget\" data-widget_type=\"heading.default\">\n\t\t\t\t<div class=\"elementor-widget-container\">\n\t\t\t\t\t<h2 class=\"elementor-heading-title elementor-size-default\">Exp\u00e9dition et retours<\/h2>\t\t\t\t<\/div>\n\t\t\t\t<\/div>\n\t\t\t\t<div class=\"elementor-element elementor-element-25f29c7 elementor-widget-divider--view-line elementor-widget elementor-widget-divider\" data-id=\"25f29c7\" data-element_type=\"widget\" data-e-type=\"widget\" data-widget_type=\"divider.default\">\n\t\t\t\t<div class=\"elementor-widget-container\">\n\t\t\t\t\t\t\t<div class=\"elementor-divider\">\n\t\t\t<span class=\"elementor-divider-separator\">\n\t\t\t\t\t\t<\/span>\n\t\t<\/div>\n\t\t\t\t\t\t<\/div>\n\t\t\t\t<\/div>\n\t\t\t\t<div class=\"elementor-element elementor-element-d641e05 elementor-widget elementor-widget-text-editor\" data-id=\"d641e05\" data-element_type=\"widget\" data-e-type=\"widget\" data-widget_type=\"text-editor.default\">\n\t\t\t\t<div class=\"elementor-widget-container\">\n\t\t\t\t\t\t\t\t\t<p>En <strong>GEA Barcelona<\/strong>, nous utilisons des services de transport pour envoyer la marchandise directement \u00e0 votre adresse. Une fois le colis re\u00e7u \u00e0 votre domicile, vous disposez de 24 heures pour nous signaler toute casse ou autre probl\u00e8me pouvant survenir.<\/p><p><br \/>Le d\u00e9lai de livraison estim\u00e9 est g\u00e9n\u00e9ralement de <strong>4 a 5 jours<\/strong>, bien que cela puisse varier en fonction de l'emplacement du destinataire. En cas de circonstances impr\u00e9vues ind\u00e9pendantes de notre volont\u00e9, telles qu'accidents, intemp\u00e9ries ou gr\u00e8ves, <strong>GEA BARCELONA<\/strong> n'assume aucune responsabilit\u00e9 pour d'\u00e9ventuels retards de livraison.<\/p><p><br \/>Avant de finaliser votre commande et de proc\u00e9der au paiement, nous vous informerons des frais de livraison.<\/p><p>\u00a0<\/p><p>\u2013 L\u2019EXP\u00c9DITION SERA EFFECTU\u00c9E APR\u00c8S LE PAIEMENT.<\/p><p><br \/><strong>La livraison sera gratuite si votre commande remplit l'une de ces conditions :<\/strong><\/p><ul><li>R\u00e9cup\u00e9rez-le dans notre Showroom ou dans l'un de nos entrep\u00f4ts.<\/li><li>D\u00e9signez une agence de transport pour r\u00e9cup\u00e9rer la commande dans nos installations.<\/li><li>Pour la P\u00e9ninsule et les \u00celes Bal\u00e9ares sur les commandes sup\u00e9rieures \u00e0 1 000 \u20ac (montant net).<\/li><li>Pour les commandes aux \u00eeles Canaries sup\u00e9rieures \u00e0 1200 \u20ac (montant net).<\/li><li>En France et en Italie pour les commandes sup\u00e9rieures \u00e0 1 500 \u20ac.<\/li><li>Pour toute demande de promotions dans l'UE et dans le reste du monde.<\/li><\/ul><p>\u00a0<\/p><p><strong>*Cependant, la livraison ne sera jamais gratuite pour les lampes \u00e0 sel, les g\u00e9odes marocaines, la s\u00e9l\u00e9nite et les articles en solde.<\/strong><\/p>\t\t\t\t\t\t\t\t<\/div>\n\t\t\t\t<\/div>\n\t\t\t\t\t<\/div>\n\t\t<\/div>\n\t\t\t\t\t<\/div>\n\t\t<\/section>\n\t\t\t\t<\/div>","protected":false},"excerpt":{"rendered":"<p>Env\u00edos y devoluciones En GEA Barcelona, usamos servicios de transporte para enviar la mercanc\u00eda directamente a su direcci\u00f3n. Una vez que reciba el paquete en su hogar, dispone de 24 horas para notificarnos sobre cualquier rotura u otro problema que pueda surgir. El tiempo estimado para la entrega suele ser de 4 a 5 d\u00edas, [&hellip;]<\/p>\n","protected":false},"author":1,"featured_media":0,"parent":0,"menu_order":0,"comment_status":"closed","ping_status":"closed","template":"","meta":{"footnotes":""},"class_list":["post-15053","page","type-page","status-publish","hentry"],"_links":{"self":[{"href":"https:\/\/geabarcelona.com\/fr\/wp-json\/wp\/v2\/pages\/15053","targetHints":{"allow":["GET"]}}],"collection":[{"href":"https:\/\/geabarcelona.com\/fr\/wp-json\/wp\/v2\/pages"}],"about":[{"href":"https:\/\/geabarcelona.com\/fr\/wp-json\/wp\/v2\/types\/page"}],"author":[{"embeddable":true,"href":"https:\/\/geabarcelona.com\/fr\/wp-json\/wp\/v2\/users\/1"}],"replies":[{"embeddable":true,"href":"https:\/\/geabarcelona.com\/fr\/wp-json\/wp\/v2\/comments?post=15053"}],"version-history":[{"count":1,"href":"https:\/\/geabarcelona.com\/fr\/wp-json\/wp\/v2\/pages\/15053\/revisions"}],"predecessor-version":[{"id":17542,"href":"https:\/\/geabarcelona.com\/fr\/wp-json\/wp\/v2\/pages\/15053\/revisions\/17542"}],"wp:attachment":[{"href":"https:\/\/geabarcelona.com\/fr\/wp-json\/wp\/v2\/media?parent=15053"}],"curies":[{"name":"wp","href":"https:\/\/api.w.org\/{rel}","templated":true}]}}