{"id":13426,"date":"2023-12-02T00:25:53","date_gmt":"2023-12-01T23:25:53","guid":{"rendered":"https:\/\/geabarcelona.com\/?post_type=product&#038;p=13426"},"modified":"2025-06-19T08:44:02","modified_gmt":"2025-06-19T06:44:02","slug":"parfumeurs-mineraux","status":"publish","type":"product","link":"https:\/\/geabarcelona.com\/fr\/produit\/parfumeurs-mineraux\/","title":{"rendered":"Rouleau masseur Am\u00e9thyste"},"content":{"rendered":"<p>Beaut\u00e9 et \u00e9nergie en un seul geste. Fabriqu\u00e9 avec de l'am\u00e9thyste naturelle, ce masseur facial aide \u00e0 tonifier la peau, \u00e0 r\u00e9duire les poches et \u00e0 d\u00e9tendre les muscles. L'am\u00e9thyste est connue pour ses propri\u00e9t\u00e9s calmantes et purifiantes, favorisant l'\u00e9quilibre et le bien-\u00eatre \u00e0 chaque utilisation. Id\u00e9al pour am\u00e9liorer la circulation et rehausser l'\u00e9clat du visage de mani\u00e8re naturelle.<\/p>","protected":false},"excerpt":{"rendered":"<p>UNIT\u00c9 VENTE<br \/>\nRouleaux de massage de diff\u00e9rents min\u00e9raux<br \/>\nDiff\u00e9rents min\u00e9raux : quartz rose, obsidienne noire, am\u00e9thyste et aventurine.<\/p>\n<p>Renseignez-vous aupr\u00e8s de nos repr\u00e9sentants sur les diff\u00e9rents mod\u00e8les en stock.<\/p>","protected":false},"featured_media":13555,"template":"","meta":[],"product_brand":[],"product_cat":[147],"product_tag":[245],"class_list":{"0":"post-13426","1":"product","2":"type-product","3":"status-publish","4":"has-post-thumbnail","6":"product_cat-terapias-hogar","7":"product_tag-amatista","9":"first","10":"instock","11":"taxable","12":"shipping-taxable","13":"purchasable","14":"product-type-simple"},"_links":{"self":[{"href":"https:\/\/geabarcelona.com\/fr\/wp-json\/wp\/v2\/product\/13426","targetHints":{"allow":["GET"]}}],"collection":[{"href":"https:\/\/geabarcelona.com\/fr\/wp-json\/wp\/v2\/product"}],"about":[{"href":"https:\/\/geabarcelona.com\/fr\/wp-json\/wp\/v2\/types\/product"}],"version-history":[{"count":2,"href":"https:\/\/geabarcelona.com\/fr\/wp-json\/wp\/v2\/product\/13426\/revisions"}],"predecessor-version":[{"id":18384,"href":"https:\/\/geabarcelona.com\/fr\/wp-json\/wp\/v2\/product\/13426\/revisions\/18384"}],"wp:featuredmedia":[{"embeddable":true,"href":"https:\/\/geabarcelona.com\/fr\/wp-json\/wp\/v2\/media\/13555"}],"wp:attachment":[{"href":"https:\/\/geabarcelona.com\/fr\/wp-json\/wp\/v2\/media?parent=13426"}],"wp:term":[{"taxonomy":"product_brand","embeddable":true,"href":"https:\/\/geabarcelona.com\/fr\/wp-json\/wp\/v2\/product_brand?post=13426"},{"taxonomy":"product_cat","embeddable":true,"href":"https:\/\/geabarcelona.com\/fr\/wp-json\/wp\/v2\/product_cat?post=13426"},{"taxonomy":"product_tag","embeddable":true,"href":"https:\/\/geabarcelona.com\/fr\/wp-json\/wp\/v2\/product_tag?post=13426"}],"curies":[{"name":"wp","href":"https:\/\/api.w.org\/{rel}","templated":true}]}}