{"id":14259,"date":"2023-12-19T16:44:19","date_gmt":"2023-12-19T15:44:19","guid":{"rendered":"https:\/\/geabarcelona.com\/producto\/caja-de-cuarzo-blanco-drusas-y-puntas-de-0-50gr\/"},"modified":"2025-12-11T13:13:52","modified_gmt":"2025-12-11T12:13:52","slug":"caja-de-cuarzo-blanco-drusas-y-puntas-de-0-50gr","status":"publish","type":"product","link":"https:\/\/geabarcelona.com\/fr\/producto\/caja-de-cuarzo-blanco-drusas-y-puntas-de-0-50gr\/","title":{"rendered":"BO\u00ceTIER EN QUARTZ BLANC M\u00c8CHES ET POINTES 0-50GR."},"content":{"rendered":"<p>Selecci\u00f3n variada de drusas y puntas de cuarzo blanco natural, con pesos entre 0 y 50 gramos. Piezas peque\u00f1as y brillantes, ideales para decoraci\u00f3n, colecci\u00f3n o uso en terapias energ\u00e9ticas para limpieza y armonizaci\u00f3n.<br \/>\nvente \u00e0 l'unit\u00e9<\/p>","protected":false},"excerpt":{"rendered":"<p>Caja de drusas y puntas de cuarzo blanco de 0-50 gramos \/ 2-4cm<\/p>","protected":false},"featured_media":18467,"template":"","meta":[],"product_brand":[],"product_cat":[153,151,147],"product_tag":[315],"class_list":{"0":"post-14259","1":"product","2":"type-product","3":"status-publish","4":"has-post-thumbnail","6":"product_cat-catalogo","7":"product_cat-packs-cajas","8":"product_cat-terapias-hogar","9":"product_tag-drusas","11":"first","12":"instock","13":"taxable","14":"shipping-taxable","15":"purchasable","16":"product-type-simple"},"_links":{"self":[{"href":"https:\/\/geabarcelona.com\/fr\/wp-json\/wp\/v2\/product\/14259","targetHints":{"allow":["GET"]}}],"collection":[{"href":"https:\/\/geabarcelona.com\/fr\/wp-json\/wp\/v2\/product"}],"about":[{"href":"https:\/\/geabarcelona.com\/fr\/wp-json\/wp\/v2\/types\/product"}],"version-history":[{"count":2,"href":"https:\/\/geabarcelona.com\/fr\/wp-json\/wp\/v2\/product\/14259\/revisions"}],"predecessor-version":[{"id":18376,"href":"https:\/\/geabarcelona.com\/fr\/wp-json\/wp\/v2\/product\/14259\/revisions\/18376"}],"wp:featuredmedia":[{"embeddable":true,"href":"https:\/\/geabarcelona.com\/fr\/wp-json\/wp\/v2\/media\/18467"}],"wp:attachment":[{"href":"https:\/\/geabarcelona.com\/fr\/wp-json\/wp\/v2\/media?parent=14259"}],"wp:term":[{"taxonomy":"product_brand","embeddable":true,"href":"https:\/\/geabarcelona.com\/fr\/wp-json\/wp\/v2\/product_brand?post=14259"},{"taxonomy":"product_cat","embeddable":true,"href":"https:\/\/geabarcelona.com\/fr\/wp-json\/wp\/v2\/product_cat?post=14259"},{"taxonomy":"product_tag","embeddable":true,"href":"https:\/\/geabarcelona.com\/fr\/wp-json\/wp\/v2\/product_tag?post=14259"}],"curies":[{"name":"wp","href":"https:\/\/api.w.org\/{rel}","templated":true}]}}