{"id":14277,"date":"2023-12-19T16:44:22","date_gmt":"2023-12-19T15:44:22","guid":{"rendered":"https:\/\/geabarcelona.com\/producto\/agata-chapas-ex\/"},"modified":"2025-11-20T08:32:08","modified_gmt":"2025-11-20T07:32:08","slug":"agata-chapas-ex","status":"publish","type":"product","link":"https:\/\/geabarcelona.com\/fr\/producto\/agata-chapas-ex\/","title":{"rendered":"BADGES AGATA EX"},"content":{"rendered":"<p>Chapa de agata montada sobre una base de metal resistente que realza su textura cruda y aut\u00e9ntica. Ideal para decoraci\u00f3n, protecci\u00f3n energ\u00e9tica y espacios con estilo r\u00fastico y moderno. venta por kg.\u00bb<\/p>","protected":false},"excerpt":{"rendered":"<p>chapas de agata de calidad extra \/ 15-40cm aproximadamente<\/p>","protected":false},"featured_media":0,"template":"","meta":[],"product_brand":[],"product_cat":[148],"product_tag":[176],"class_list":{"0":"post-14277","1":"product","2":"type-product","3":"status-publish","5":"product_cat-pulido-formas","6":"product_tag-agata","8":"first","9":"instock","10":"taxable","11":"shipping-taxable","12":"purchasable","13":"product-type-simple"},"_links":{"self":[{"href":"https:\/\/geabarcelona.com\/fr\/wp-json\/wp\/v2\/product\/14277","targetHints":{"allow":["GET"]}}],"collection":[{"href":"https:\/\/geabarcelona.com\/fr\/wp-json\/wp\/v2\/product"}],"about":[{"href":"https:\/\/geabarcelona.com\/fr\/wp-json\/wp\/v2\/types\/product"}],"version-history":[{"count":2,"href":"https:\/\/geabarcelona.com\/fr\/wp-json\/wp\/v2\/product\/14277\/revisions"}],"predecessor-version":[{"id":19020,"href":"https:\/\/geabarcelona.com\/fr\/wp-json\/wp\/v2\/product\/14277\/revisions\/19020"}],"wp:attachment":[{"href":"https:\/\/geabarcelona.com\/fr\/wp-json\/wp\/v2\/media?parent=14277"}],"wp:term":[{"taxonomy":"product_brand","embeddable":true,"href":"https:\/\/geabarcelona.com\/fr\/wp-json\/wp\/v2\/product_brand?post=14277"},{"taxonomy":"product_cat","embeddable":true,"href":"https:\/\/geabarcelona.com\/fr\/wp-json\/wp\/v2\/product_cat?post=14277"},{"taxonomy":"product_tag","embeddable":true,"href":"https:\/\/geabarcelona.com\/fr\/wp-json\/wp\/v2\/product_tag?post=14277"}],"curies":[{"name":"wp","href":"https:\/\/api.w.org\/{rel}","templated":true}]}}