{"id":14282,"date":"2023-12-19T16:44:23","date_gmt":"2023-12-19T15:44:23","guid":{"rendered":"https:\/\/geabarcelona.com\/producto\/agata-geoda-con-base-metal-dorada-y-plateada\/"},"modified":"2025-06-19T08:43:58","modified_gmt":"2025-06-19T06:43:58","slug":"agata-geoda-con-base-metal-dorada-y-plateada","status":"publish","type":"product","link":"https:\/\/geabarcelona.com\/fr\/produit\/agata-geoda-con-base-metal-dorada-y-plateada\/","title":{"rendered":"G\u00c9ODE EN AGATE AVEC BASE EN M\u00c9TAL PLAQU\u00c9 OR ET ARGENT"},"content":{"rendered":"<p>Geoda de agata montada sobre una base de metal resistente que realza su textura cruda y aut\u00e9ntica. Ideal para decoraci\u00f3n, protecci\u00f3n energ\u00e9tica y espacios con estilo r\u00fastico y moderno.<br \/>\nvente \u00e0 l'unit\u00e9<\/p>","protected":false},"excerpt":{"rendered":"<p>Geodas de \u00c1gata natural con base dorada y plateada pulidas con disco de diamante y cuidadosamente seleccionadas \/ tama\u00f1os aproximados entre 15-30cm<\/p>","protected":false},"featured_media":13481,"template":"","meta":[],"product_brand":[],"product_cat":[148],"product_tag":[176],"class_list":{"0":"post-14282","1":"product","2":"type-product","3":"status-publish","4":"has-post-thumbnail","6":"product_cat-pulido-formas","7":"product_tag-agata","9":"first","10":"outofstock","11":"taxable","12":"shipping-taxable","13":"purchasable","14":"product-type-simple"},"_links":{"self":[{"href":"https:\/\/geabarcelona.com\/fr\/wp-json\/wp\/v2\/product\/14282","targetHints":{"allow":["GET"]}}],"collection":[{"href":"https:\/\/geabarcelona.com\/fr\/wp-json\/wp\/v2\/product"}],"about":[{"href":"https:\/\/geabarcelona.com\/fr\/wp-json\/wp\/v2\/types\/product"}],"version-history":[{"count":2,"href":"https:\/\/geabarcelona.com\/fr\/wp-json\/wp\/v2\/product\/14282\/revisions"}],"predecessor-version":[{"id":18324,"href":"https:\/\/geabarcelona.com\/fr\/wp-json\/wp\/v2\/product\/14282\/revisions\/18324"}],"wp:featuredmedia":[{"embeddable":true,"href":"https:\/\/geabarcelona.com\/fr\/wp-json\/wp\/v2\/media\/13481"}],"wp:attachment":[{"href":"https:\/\/geabarcelona.com\/fr\/wp-json\/wp\/v2\/media?parent=14282"}],"wp:term":[{"taxonomy":"product_brand","embeddable":true,"href":"https:\/\/geabarcelona.com\/fr\/wp-json\/wp\/v2\/product_brand?post=14282"},{"taxonomy":"product_cat","embeddable":true,"href":"https:\/\/geabarcelona.com\/fr\/wp-json\/wp\/v2\/product_cat?post=14282"},{"taxonomy":"product_tag","embeddable":true,"href":"https:\/\/geabarcelona.com\/fr\/wp-json\/wp\/v2\/product_tag?post=14282"}],"curies":[{"name":"wp","href":"https:\/\/api.w.org\/{rel}","templated":true}]}}