{"id":14286,"date":"2023-12-19T16:44:24","date_gmt":"2023-12-19T15:44:24","guid":{"rendered":"https:\/\/geabarcelona.com\/producto\/agata-puntas-grande\/"},"modified":"2025-12-11T13:11:18","modified_gmt":"2025-12-11T12:11:18","slug":"agata-puntas-grande","status":"publish","type":"product","link":"https:\/\/geabarcelona.com\/fr\/producto\/agata-puntas-grande\/","title":{"rendered":"AGATE PETITES POINTES"},"content":{"rendered":"<p>\u00c1gata tallada en forma de puntas peque\u00f1as. Cada pieza conserva las vetas y colores caracter\u00edsticos del mineral, ideales para decoraci\u00f3n, colecci\u00f3n o uso energ\u00e9tico. venta por kg.\u00bb<\/p>","protected":false},"excerpt":{"rendered":"<p>Puntas peque\u00f1as de agata \/ 3-6cm<\/p>","protected":false},"featured_media":18456,"template":"","meta":[],"product_brand":[],"product_cat":[148],"product_tag":[176],"class_list":{"0":"post-14286","1":"product","2":"type-product","3":"status-publish","4":"has-post-thumbnail","6":"product_cat-pulido-formas","7":"product_tag-agata","9":"first","10":"instock","11":"taxable","12":"shipping-taxable","13":"purchasable","14":"product-type-simple"},"_links":{"self":[{"href":"https:\/\/geabarcelona.com\/fr\/wp-json\/wp\/v2\/product\/14286","targetHints":{"allow":["GET"]}}],"collection":[{"href":"https:\/\/geabarcelona.com\/fr\/wp-json\/wp\/v2\/product"}],"about":[{"href":"https:\/\/geabarcelona.com\/fr\/wp-json\/wp\/v2\/types\/product"}],"version-history":[{"count":2,"href":"https:\/\/geabarcelona.com\/fr\/wp-json\/wp\/v2\/product\/14286\/revisions"}],"predecessor-version":[{"id":19024,"href":"https:\/\/geabarcelona.com\/fr\/wp-json\/wp\/v2\/product\/14286\/revisions\/19024"}],"wp:featuredmedia":[{"embeddable":true,"href":"https:\/\/geabarcelona.com\/fr\/wp-json\/wp\/v2\/media\/18456"}],"wp:attachment":[{"href":"https:\/\/geabarcelona.com\/fr\/wp-json\/wp\/v2\/media?parent=14286"}],"wp:term":[{"taxonomy":"product_brand","embeddable":true,"href":"https:\/\/geabarcelona.com\/fr\/wp-json\/wp\/v2\/product_brand?post=14286"},{"taxonomy":"product_cat","embeddable":true,"href":"https:\/\/geabarcelona.com\/fr\/wp-json\/wp\/v2\/product_cat?post=14286"},{"taxonomy":"product_tag","embeddable":true,"href":"https:\/\/geabarcelona.com\/fr\/wp-json\/wp\/v2\/product_tag?post=14286"}],"curies":[{"name":"wp","href":"https:\/\/api.w.org\/{rel}","templated":true}]}}