{"id":14310,"date":"2023-12-19T16:44:28","date_gmt":"2023-12-19T15:44:28","guid":{"rendered":"https:\/\/geabarcelona.com\/producto\/lapislazuli-forma-libre\/"},"modified":"2025-11-20T08:35:20","modified_gmt":"2025-11-20T07:35:20","slug":"lapislazuli-forma-libre","status":"publish","type":"product","link":"https:\/\/geabarcelona.com\/fr\/produit\/lapislazuli-forma-libre\/","title":{"rendered":"LAPISLAZULI FORMA LIBRE"},"content":{"rendered":"<p>Lapislazuli pulido forma libre, con colores y vetas naturales azuladas. Perfectas para decoraci\u00f3n, colecci\u00f3n o uso energ\u00e9tico. venta por kg.\u00bb<\/p>","protected":false},"excerpt":{"rendered":"<p>Lapisl\u00e1zuli forma libre \/ 5-40cm<\/p>","protected":false},"featured_media":13501,"template":"","meta":[],"product_brand":[],"product_cat":[148],"product_tag":[335],"class_list":{"0":"post-14310","1":"product","2":"type-product","3":"status-publish","4":"has-post-thumbnail","6":"product_cat-pulido-formas","7":"product_tag-lapislazuli","9":"first","10":"instock","11":"taxable","12":"shipping-taxable","13":"purchasable","14":"product-type-simple"},"_links":{"self":[{"href":"https:\/\/geabarcelona.com\/fr\/wp-json\/wp\/v2\/product\/14310","targetHints":{"allow":["GET"]}}],"collection":[{"href":"https:\/\/geabarcelona.com\/fr\/wp-json\/wp\/v2\/product"}],"about":[{"href":"https:\/\/geabarcelona.com\/fr\/wp-json\/wp\/v2\/types\/product"}],"version-history":[{"count":1,"href":"https:\/\/geabarcelona.com\/fr\/wp-json\/wp\/v2\/product\/14310\/revisions"}],"predecessor-version":[{"id":19031,"href":"https:\/\/geabarcelona.com\/fr\/wp-json\/wp\/v2\/product\/14310\/revisions\/19031"}],"wp:featuredmedia":[{"embeddable":true,"href":"https:\/\/geabarcelona.com\/fr\/wp-json\/wp\/v2\/media\/13501"}],"wp:attachment":[{"href":"https:\/\/geabarcelona.com\/fr\/wp-json\/wp\/v2\/media?parent=14310"}],"wp:term":[{"taxonomy":"product_brand","embeddable":true,"href":"https:\/\/geabarcelona.com\/fr\/wp-json\/wp\/v2\/product_brand?post=14310"},{"taxonomy":"product_cat","embeddable":true,"href":"https:\/\/geabarcelona.com\/fr\/wp-json\/wp\/v2\/product_cat?post=14310"},{"taxonomy":"product_tag","embeddable":true,"href":"https:\/\/geabarcelona.com\/fr\/wp-json\/wp\/v2\/product_tag?post=14310"}],"curies":[{"name":"wp","href":"https:\/\/api.w.org\/{rel}","templated":true}]}}