{"id":14312,"date":"2023-12-19T16:44:28","date_gmt":"2023-12-19T15:44:28","guid":{"rendered":"https:\/\/geabarcelona.com\/producto\/lapislazuli-obeliscos\/"},"modified":"2025-11-20T08:35:58","modified_gmt":"2025-11-20T07:35:58","slug":"lapislazuli-obeliscos","status":"publish","type":"product","link":"https:\/\/geabarcelona.com\/fr\/produit\/lapislazuli-obeliscos\/","title":{"rendered":"LAPISLAZULI OBELISCOS"},"content":{"rendered":"<p>Lapisl\u00e1zuli pulido en forma de obeliscos con su caracter\u00edstico azul intenso y peque\u00f1as inclusiones doradas. Perfectas para decoraci\u00f3n, colecci\u00f3n o uso energ\u00e9tico. venta por kg.\u00bb<\/p>","protected":false},"excerpt":{"rendered":"<p>Obeliscos lapisl\u00e1zuli \/ 5-30cm<\/p>","protected":false},"featured_media":13532,"template":"","meta":[],"product_brand":[],"product_cat":[148],"product_tag":[335],"class_list":{"0":"post-14312","1":"product","2":"type-product","3":"status-publish","4":"has-post-thumbnail","6":"product_cat-pulido-formas","7":"product_tag-lapislazuli","9":"first","10":"instock","11":"taxable","12":"shipping-taxable","13":"purchasable","14":"product-type-simple"},"_links":{"self":[{"href":"https:\/\/geabarcelona.com\/fr\/wp-json\/wp\/v2\/product\/14312","targetHints":{"allow":["GET"]}}],"collection":[{"href":"https:\/\/geabarcelona.com\/fr\/wp-json\/wp\/v2\/product"}],"about":[{"href":"https:\/\/geabarcelona.com\/fr\/wp-json\/wp\/v2\/types\/product"}],"version-history":[{"count":1,"href":"https:\/\/geabarcelona.com\/fr\/wp-json\/wp\/v2\/product\/14312\/revisions"}],"predecessor-version":[{"id":19033,"href":"https:\/\/geabarcelona.com\/fr\/wp-json\/wp\/v2\/product\/14312\/revisions\/19033"}],"wp:featuredmedia":[{"embeddable":true,"href":"https:\/\/geabarcelona.com\/fr\/wp-json\/wp\/v2\/media\/13532"}],"wp:attachment":[{"href":"https:\/\/geabarcelona.com\/fr\/wp-json\/wp\/v2\/media?parent=14312"}],"wp:term":[{"taxonomy":"product_brand","embeddable":true,"href":"https:\/\/geabarcelona.com\/fr\/wp-json\/wp\/v2\/product_brand?post=14312"},{"taxonomy":"product_cat","embeddable":true,"href":"https:\/\/geabarcelona.com\/fr\/wp-json\/wp\/v2\/product_cat?post=14312"},{"taxonomy":"product_tag","embeddable":true,"href":"https:\/\/geabarcelona.com\/fr\/wp-json\/wp\/v2\/product_tag?post=14312"}],"curies":[{"name":"wp","href":"https:\/\/api.w.org\/{rel}","templated":true}]}}