{"id":14314,"date":"2023-12-19T16:44:28","date_gmt":"2023-12-19T15:44:28","guid":{"rendered":"https:\/\/geabarcelona.com\/producto\/lepidolita-forma-esferas\/"},"modified":"2025-06-19T08:43:51","modified_gmt":"2025-06-19T06:43:51","slug":"lepidolita-forma-esferas","status":"publish","type":"product","link":"https:\/\/geabarcelona.com\/fr\/produit\/lepidolita-forma-esferas\/","title":{"rendered":"LEPIDOLITA FORMA ESFERAS"},"content":{"rendered":"<p>Esferas pulidas de lepidolita, conocidas por su color lila suave y efecto brillante natural. Ideales para decoraci\u00f3n, colecci\u00f3n o terapias energ\u00e9ticas que buscan calma y equilibrio.<br \/>\nvente par kg.<\/p>","protected":false},"excerpt":{"rendered":"<p>Lepidolita forma esferas \/ <\/p>","protected":false},"featured_media":13475,"template":"","meta":[],"product_brand":[],"product_cat":[148],"product_tag":[211],"class_list":{"0":"post-14314","1":"product","2":"type-product","3":"status-publish","4":"has-post-thumbnail","6":"product_cat-pulido-formas","7":"product_tag-decoracion","9":"first","10":"instock","11":"taxable","12":"shipping-taxable","13":"purchasable","14":"product-type-simple"},"_links":{"self":[{"href":"https:\/\/geabarcelona.com\/fr\/wp-json\/wp\/v2\/product\/14314","targetHints":{"allow":["GET"]}}],"collection":[{"href":"https:\/\/geabarcelona.com\/fr\/wp-json\/wp\/v2\/product"}],"about":[{"href":"https:\/\/geabarcelona.com\/fr\/wp-json\/wp\/v2\/types\/product"}],"version-history":[{"count":1,"href":"https:\/\/geabarcelona.com\/fr\/wp-json\/wp\/v2\/product\/14314\/revisions"}],"predecessor-version":[{"id":18242,"href":"https:\/\/geabarcelona.com\/fr\/wp-json\/wp\/v2\/product\/14314\/revisions\/18242"}],"wp:featuredmedia":[{"embeddable":true,"href":"https:\/\/geabarcelona.com\/fr\/wp-json\/wp\/v2\/media\/13475"}],"wp:attachment":[{"href":"https:\/\/geabarcelona.com\/fr\/wp-json\/wp\/v2\/media?parent=14314"}],"wp:term":[{"taxonomy":"product_brand","embeddable":true,"href":"https:\/\/geabarcelona.com\/fr\/wp-json\/wp\/v2\/product_brand?post=14314"},{"taxonomy":"product_cat","embeddable":true,"href":"https:\/\/geabarcelona.com\/fr\/wp-json\/wp\/v2\/product_cat?post=14314"},{"taxonomy":"product_tag","embeddable":true,"href":"https:\/\/geabarcelona.com\/fr\/wp-json\/wp\/v2\/product_tag?post=14314"}],"curies":[{"name":"wp","href":"https:\/\/api.w.org\/{rel}","templated":true}]}}