{"id":14318,"date":"2023-12-19T16:44:29","date_gmt":"2023-12-19T15:44:29","guid":{"rendered":"https:\/\/geabarcelona.com\/producto\/mangano-calcita-jabones\/"},"modified":"2025-11-20T08:37:42","modified_gmt":"2025-11-20T07:37:42","slug":"mangano-calcita-jabones","status":"publish","type":"product","link":"https:\/\/geabarcelona.com\/fr\/produit\/mangano-calcita-jabones\/","title":{"rendered":"MANGANO CALCITA JABONES"},"content":{"rendered":"<p>Manganeso pulido en forma de jabones, de color rosa suave y acabado sedoso. Apreciadas por su apariencia delicada y su energ\u00eda reconfortante. Ideales para decoraci\u00f3n, colecci\u00f3n o pr\u00e1cticas energ\u00e9ticas centradas en la calma y el amor propio. venta por kg.\u00bb<\/p>","protected":false},"excerpt":{"rendered":"<p>Jabones, obeliscos mangano calcita \/ 5-45cm<\/p>","protected":false},"featured_media":13526,"template":"","meta":[],"product_brand":[],"product_cat":[148],"product_tag":[337],"class_list":{"0":"post-14318","1":"product","2":"type-product","3":"status-publish","4":"has-post-thumbnail","6":"product_cat-pulido-formas","7":"product_tag-mangano-calcita","9":"first","10":"outofstock","11":"taxable","12":"shipping-taxable","13":"purchasable","14":"product-type-simple"},"_links":{"self":[{"href":"https:\/\/geabarcelona.com\/fr\/wp-json\/wp\/v2\/product\/14318","targetHints":{"allow":["GET"]}}],"collection":[{"href":"https:\/\/geabarcelona.com\/fr\/wp-json\/wp\/v2\/product"}],"about":[{"href":"https:\/\/geabarcelona.com\/fr\/wp-json\/wp\/v2\/types\/product"}],"version-history":[{"count":2,"href":"https:\/\/geabarcelona.com\/fr\/wp-json\/wp\/v2\/product\/14318\/revisions"}],"predecessor-version":[{"id":19037,"href":"https:\/\/geabarcelona.com\/fr\/wp-json\/wp\/v2\/product\/14318\/revisions\/19037"}],"wp:featuredmedia":[{"embeddable":true,"href":"https:\/\/geabarcelona.com\/fr\/wp-json\/wp\/v2\/media\/13526"}],"wp:attachment":[{"href":"https:\/\/geabarcelona.com\/fr\/wp-json\/wp\/v2\/media?parent=14318"}],"wp:term":[{"taxonomy":"product_brand","embeddable":true,"href":"https:\/\/geabarcelona.com\/fr\/wp-json\/wp\/v2\/product_brand?post=14318"},{"taxonomy":"product_cat","embeddable":true,"href":"https:\/\/geabarcelona.com\/fr\/wp-json\/wp\/v2\/product_cat?post=14318"},{"taxonomy":"product_tag","embeddable":true,"href":"https:\/\/geabarcelona.com\/fr\/wp-json\/wp\/v2\/product_tag?post=14318"}],"curies":[{"name":"wp","href":"https:\/\/api.w.org\/{rel}","templated":true}]}}