{"id":14320,"date":"2023-12-19T16:44:29","date_gmt":"2023-12-19T15:44:29","guid":{"rendered":"https:\/\/geabarcelona.com\/producto\/obsidiana-bola-10cm\/"},"modified":"2025-11-20T08:38:05","modified_gmt":"2025-11-20T07:38:05","slug":"boule-dobsidienne-10cm","status":"publish","type":"product","link":"https:\/\/geabarcelona.com\/fr\/produit\/boule-dobsidienne-10cm\/","title":{"rendered":"BOULE D'OBSIDIENNE 10CM"},"content":{"rendered":"<p>Boule d'obsidienne naturelle de 10 cm de diam\u00e8tre, avec son \u00e9clat noir profond caract\u00e9ristique et sa surface lisse et polie. Id\u00e9ale pour la d\u00e9coration, la m\u00e9ditation et l'utilisation \u00e9nerg\u00e9tique, connue pour ses propri\u00e9t\u00e9s protectrices, la purification des \u00e9nergies n\u00e9gatives et la connexion \u00e0 la terre. vendue par kg.\"<\/p>","protected":false},"excerpt":{"rendered":"<p>Boule d'obsidienne 10 cm \/ 10cm<\/p>","protected":false},"featured_media":13477,"template":"","meta":[],"product_brand":[],"product_cat":[148],"product_tag":[300],"class_list":{"0":"post-14320","1":"product","2":"type-product","3":"status-publish","4":"has-post-thumbnail","6":"product_cat-pulido-formas","7":"product_tag-obsidiana","9":"first","10":"instock","11":"taxable","12":"shipping-taxable","13":"purchasable","14":"product-type-simple"},"_links":{"self":[{"href":"https:\/\/geabarcelona.com\/fr\/wp-json\/wp\/v2\/product\/14320","targetHints":{"allow":["GET"]}}],"collection":[{"href":"https:\/\/geabarcelona.com\/fr\/wp-json\/wp\/v2\/product"}],"about":[{"href":"https:\/\/geabarcelona.com\/fr\/wp-json\/wp\/v2\/types\/product"}],"version-history":[{"count":1,"href":"https:\/\/geabarcelona.com\/fr\/wp-json\/wp\/v2\/product\/14320\/revisions"}],"predecessor-version":[{"id":19039,"href":"https:\/\/geabarcelona.com\/fr\/wp-json\/wp\/v2\/product\/14320\/revisions\/19039"}],"wp:featuredmedia":[{"embeddable":true,"href":"https:\/\/geabarcelona.com\/fr\/wp-json\/wp\/v2\/media\/13477"}],"wp:attachment":[{"href":"https:\/\/geabarcelona.com\/fr\/wp-json\/wp\/v2\/media?parent=14320"}],"wp:term":[{"taxonomy":"product_brand","embeddable":true,"href":"https:\/\/geabarcelona.com\/fr\/wp-json\/wp\/v2\/product_brand?post=14320"},{"taxonomy":"product_cat","embeddable":true,"href":"https:\/\/geabarcelona.com\/fr\/wp-json\/wp\/v2\/product_cat?post=14320"},{"taxonomy":"product_tag","embeddable":true,"href":"https:\/\/geabarcelona.com\/fr\/wp-json\/wp\/v2\/product_tag?post=14320"}],"curies":[{"name":"wp","href":"https:\/\/api.w.org\/{rel}","templated":true}]}}