{"id":14326,"date":"2023-12-19T16:44:30","date_gmt":"2023-12-19T15:44:30","guid":{"rendered":"https:\/\/geabarcelona.com\/producto\/rodocrosita-corazones\/"},"modified":"2025-11-20T08:38:44","modified_gmt":"2025-11-20T07:38:44","slug":"rodocrosita-corazones","status":"publish","type":"product","link":"https:\/\/geabarcelona.com\/fr\/producto\/rodocrosita-corazones\/","title":{"rendered":"C\u0152URS EN RHODOCHROSITE"},"content":{"rendered":"<p>Rodcrosita pulida en forma de corazon, con colores y vetas naturales rosdas. Perfectas para decoraci\u00f3n, colecci\u00f3n o uso energ\u00e9tico. venta por kg.\u00bb<\/p>","protected":false},"excerpt":{"rendered":"<p>Rodocrosita corazones \/<\/p>","protected":false},"featured_media":15526,"template":"","meta":[],"product_brand":[],"product_cat":[148,147],"product_tag":[338],"class_list":{"0":"post-14326","1":"product","2":"type-product","3":"status-publish","4":"has-post-thumbnail","6":"product_cat-pulido-formas","7":"product_cat-terapias-hogar","8":"product_tag-rodocrosita","10":"first","11":"instock","12":"taxable","13":"shipping-taxable","14":"purchasable","15":"product-type-simple"},"_links":{"self":[{"href":"https:\/\/geabarcelona.com\/fr\/wp-json\/wp\/v2\/product\/14326","targetHints":{"allow":["GET"]}}],"collection":[{"href":"https:\/\/geabarcelona.com\/fr\/wp-json\/wp\/v2\/product"}],"about":[{"href":"https:\/\/geabarcelona.com\/fr\/wp-json\/wp\/v2\/types\/product"}],"version-history":[{"count":2,"href":"https:\/\/geabarcelona.com\/fr\/wp-json\/wp\/v2\/product\/14326\/revisions"}],"predecessor-version":[{"id":19042,"href":"https:\/\/geabarcelona.com\/fr\/wp-json\/wp\/v2\/product\/14326\/revisions\/19042"}],"wp:featuredmedia":[{"embeddable":true,"href":"https:\/\/geabarcelona.com\/fr\/wp-json\/wp\/v2\/media\/15526"}],"wp:attachment":[{"href":"https:\/\/geabarcelona.com\/fr\/wp-json\/wp\/v2\/media?parent=14326"}],"wp:term":[{"taxonomy":"product_brand","embeddable":true,"href":"https:\/\/geabarcelona.com\/fr\/wp-json\/wp\/v2\/product_brand?post=14326"},{"taxonomy":"product_cat","embeddable":true,"href":"https:\/\/geabarcelona.com\/fr\/wp-json\/wp\/v2\/product_cat?post=14326"},{"taxonomy":"product_tag","embeddable":true,"href":"https:\/\/geabarcelona.com\/fr\/wp-json\/wp\/v2\/product_tag?post=14326"}],"curies":[{"name":"wp","href":"https:\/\/api.w.org\/{rel}","templated":true}]}}