{"id":14328,"date":"2023-12-19T16:44:30","date_gmt":"2023-12-19T15:44:30","guid":{"rendered":"https:\/\/geabarcelona.com\/producto\/rodocrosita-formas\/"},"modified":"2025-11-20T08:39:12","modified_gmt":"2025-11-20T07:39:12","slug":"rodocrosita-formas","status":"publish","type":"product","link":"https:\/\/geabarcelona.com\/fr\/produit\/rodocrosita-formas\/","title":{"rendered":"FORMES DE RHODOCHROSITE"},"content":{"rendered":"<p>Rodcrosita pulida en distintas formas, con colores y vetas naturales rosdas. Perfectas para decoraci\u00f3n, colecci\u00f3n o uso energ\u00e9tico. venta por kg.\u00bb<\/p>","protected":false},"excerpt":{"rendered":"<p>Rodocrosita formas \/<\/p>","protected":false},"featured_media":15539,"template":"","meta":[],"product_brand":[],"product_cat":[148],"product_tag":[338],"class_list":{"0":"post-14328","1":"product","2":"type-product","3":"status-publish","4":"has-post-thumbnail","6":"product_cat-pulido-formas","7":"product_tag-rodocrosita","9":"first","10":"instock","11":"taxable","12":"shipping-taxable","13":"purchasable","14":"product-type-simple"},"_links":{"self":[{"href":"https:\/\/geabarcelona.com\/fr\/wp-json\/wp\/v2\/product\/14328","targetHints":{"allow":["GET"]}}],"collection":[{"href":"https:\/\/geabarcelona.com\/fr\/wp-json\/wp\/v2\/product"}],"about":[{"href":"https:\/\/geabarcelona.com\/fr\/wp-json\/wp\/v2\/types\/product"}],"version-history":[{"count":2,"href":"https:\/\/geabarcelona.com\/fr\/wp-json\/wp\/v2\/product\/14328\/revisions"}],"predecessor-version":[{"id":19044,"href":"https:\/\/geabarcelona.com\/fr\/wp-json\/wp\/v2\/product\/14328\/revisions\/19044"}],"wp:featuredmedia":[{"embeddable":true,"href":"https:\/\/geabarcelona.com\/fr\/wp-json\/wp\/v2\/media\/15539"}],"wp:attachment":[{"href":"https:\/\/geabarcelona.com\/fr\/wp-json\/wp\/v2\/media?parent=14328"}],"wp:term":[{"taxonomy":"product_brand","embeddable":true,"href":"https:\/\/geabarcelona.com\/fr\/wp-json\/wp\/v2\/product_brand?post=14328"},{"taxonomy":"product_cat","embeddable":true,"href":"https:\/\/geabarcelona.com\/fr\/wp-json\/wp\/v2\/product_cat?post=14328"},{"taxonomy":"product_tag","embeddable":true,"href":"https:\/\/geabarcelona.com\/fr\/wp-json\/wp\/v2\/product_tag?post=14328"}],"curies":[{"name":"wp","href":"https:\/\/api.w.org\/{rel}","templated":true}]}}