{"id":14333,"date":"2023-12-19T16:44:33","date_gmt":"2023-12-19T15:44:33","guid":{"rendered":"https:\/\/geabarcelona.com\/producto\/selenita-corazones-unidad\/"},"modified":"2025-11-20T08:40:25","modified_gmt":"2025-11-20T07:40:25","slug":"selenita-corazones-unidad","status":"publish","type":"product","link":"https:\/\/geabarcelona.com\/fr\/produit\/selenita-corazones-unidad\/","title":{"rendered":"C\u0152URS DE S\u00c9L\u00c9NITE (UNIT\u00c9)"},"content":{"rendered":"<p>Selenita pulida en forma de corazon, con su cracteristico tono traslucido. Perfectas para decoraci\u00f3n, colecci\u00f3n o uso energ\u00e9tico. venta por unidad\u00bb<\/p>","protected":false},"excerpt":{"rendered":"<p>Selenita corazones (unidad) \/ <\/p>","protected":false},"featured_media":13567,"template":"","meta":[],"product_brand":[],"product_cat":[148,154],"product_tag":[340],"class_list":{"0":"post-14333","1":"product","2":"type-product","3":"status-publish","4":"has-post-thumbnail","6":"product_cat-pulido-formas","7":"product_cat-selenita","8":"product_tag-selenita","10":"first","11":"instock","12":"taxable","13":"shipping-taxable","14":"purchasable","15":"product-type-simple"},"_links":{"self":[{"href":"https:\/\/geabarcelona.com\/fr\/wp-json\/wp\/v2\/product\/14333","targetHints":{"allow":["GET"]}}],"collection":[{"href":"https:\/\/geabarcelona.com\/fr\/wp-json\/wp\/v2\/product"}],"about":[{"href":"https:\/\/geabarcelona.com\/fr\/wp-json\/wp\/v2\/types\/product"}],"version-history":[{"count":2,"href":"https:\/\/geabarcelona.com\/fr\/wp-json\/wp\/v2\/product\/14333\/revisions"}],"predecessor-version":[{"id":19049,"href":"https:\/\/geabarcelona.com\/fr\/wp-json\/wp\/v2\/product\/14333\/revisions\/19049"}],"wp:featuredmedia":[{"embeddable":true,"href":"https:\/\/geabarcelona.com\/fr\/wp-json\/wp\/v2\/media\/13567"}],"wp:attachment":[{"href":"https:\/\/geabarcelona.com\/fr\/wp-json\/wp\/v2\/media?parent=14333"}],"wp:term":[{"taxonomy":"product_brand","embeddable":true,"href":"https:\/\/geabarcelona.com\/fr\/wp-json\/wp\/v2\/product_brand?post=14333"},{"taxonomy":"product_cat","embeddable":true,"href":"https:\/\/geabarcelona.com\/fr\/wp-json\/wp\/v2\/product_cat?post=14333"},{"taxonomy":"product_tag","embeddable":true,"href":"https:\/\/geabarcelona.com\/fr\/wp-json\/wp\/v2\/product_tag?post=14333"}],"curies":[{"name":"wp","href":"https:\/\/api.w.org\/{rel}","templated":true}]}}