{"id":14340,"date":"2023-12-19T16:44:34","date_gmt":"2023-12-19T15:44:34","guid":{"rendered":"https:\/\/geabarcelona.com\/producto\/serpentina-forma-libre\/"},"modified":"2025-11-20T08:41:00","modified_gmt":"2025-11-20T07:41:00","slug":"serpentina-forma-libre","status":"publish","type":"product","link":"https:\/\/geabarcelona.com\/fr\/producto\/serpentina-forma-libre\/","title":{"rendered":"SERPENTINE FORME LIBRE"},"content":{"rendered":"<p>La serpentine est un groupe de min\u00e9raux m\u00e9tamorphiques compos\u00e9s principalement de silicates de magn\u00e9sium et de fer, qui se forment au cours des processus de m\u00e9tamorphisme hydrothermal \u00e0 partir de l'alt\u00e9ration de roches ultramafiques telles que les p\u00e9ridotites. Leur couleur varie entre le vert, le jaune et le brun, et leur texture peut \u00eatre lisse ou fibreuse.<\/p>\n<p>Ce min\u00e9ral se trouve dans des r\u00e9gions o\u00f9 l'activit\u00e9 g\u00e9ologique est importante, comme les \u00c9tats-Unis, la Russie, le Canada et plusieurs pays d'Am\u00e9rique latine. <\/p>\n<p>Sur le plan spirituel, la serpentine est reconnue pour sa capacit\u00e9 \u00e0 se connecter \u00e0 l'\u00e9nergie de la terre, facilitant l'\u00e9quilibre, la protection et la gu\u00e9rison \u00e9motionnelle. vente par kg\".<\/p>","protected":false},"excerpt":{"rendered":"<p>Serpentina forma libre \/ <\/p>","protected":false},"featured_media":13527,"template":"","meta":[],"product_brand":[],"product_cat":[148],"product_tag":[340],"class_list":{"0":"post-14340","1":"product","2":"type-product","3":"status-publish","4":"has-post-thumbnail","6":"product_cat-pulido-formas","7":"product_tag-selenita","9":"first","10":"instock","11":"taxable","12":"shipping-taxable","13":"purchasable","14":"product-type-simple"},"_links":{"self":[{"href":"https:\/\/geabarcelona.com\/fr\/wp-json\/wp\/v2\/product\/14340","targetHints":{"allow":["GET"]}}],"collection":[{"href":"https:\/\/geabarcelona.com\/fr\/wp-json\/wp\/v2\/product"}],"about":[{"href":"https:\/\/geabarcelona.com\/fr\/wp-json\/wp\/v2\/types\/product"}],"version-history":[{"count":1,"href":"https:\/\/geabarcelona.com\/fr\/wp-json\/wp\/v2\/product\/14340\/revisions"}],"predecessor-version":[{"id":19051,"href":"https:\/\/geabarcelona.com\/fr\/wp-json\/wp\/v2\/product\/14340\/revisions\/19051"}],"wp:featuredmedia":[{"embeddable":true,"href":"https:\/\/geabarcelona.com\/fr\/wp-json\/wp\/v2\/media\/13527"}],"wp:attachment":[{"href":"https:\/\/geabarcelona.com\/fr\/wp-json\/wp\/v2\/media?parent=14340"}],"wp:term":[{"taxonomy":"product_brand","embeddable":true,"href":"https:\/\/geabarcelona.com\/fr\/wp-json\/wp\/v2\/product_brand?post=14340"},{"taxonomy":"product_cat","embeddable":true,"href":"https:\/\/geabarcelona.com\/fr\/wp-json\/wp\/v2\/product_cat?post=14340"},{"taxonomy":"product_tag","embeddable":true,"href":"https:\/\/geabarcelona.com\/fr\/wp-json\/wp\/v2\/product_tag?post=14340"}],"curies":[{"name":"wp","href":"https:\/\/api.w.org\/{rel}","templated":true}]}}