{"id":14376,"date":"2023-12-19T16:44:39","date_gmt":"2023-12-19T15:44:39","guid":{"rendered":"https:\/\/geabarcelona.com\/producto\/amatista-puntas-base-cortada-2\/"},"modified":"2025-11-20T12:29:41","modified_gmt":"2025-11-20T11:29:41","slug":"amatista-puntas-base-cortada-2","status":"publish","type":"product","link":"https:\/\/geabarcelona.com\/fr\/producto\/amatista-puntas-base-cortada-2\/","title":{"rendered":"AMETHYST TIP QA"},"content":{"rendered":"<p>Selecci\u00f3n de puntas de amatista natural calidad A. Presentan tonalidades violeta en distintas intensidades y estructuras cristalinas que reflejan su origen geol\u00f3gico. Ideales para decoraci\u00f3n, coleccionismo o uso energ\u00e9tico enfocado en la calma, la intuici\u00f3n y la conexi\u00f3n espiritual. venta por kg.\u00bb<\/p>","protected":false},"excerpt":{"rendered":"<p>Puntas de amatista con base cortada calidad QB \/ 4-7cm<\/p>","protected":false},"featured_media":0,"template":"","meta":[],"product_brand":[],"product_cat":[139],"product_tag":[245],"class_list":{"0":"post-14376","1":"product","2":"type-product","3":"status-publish","5":"product_cat-brasil","6":"product_tag-amatista","8":"first","9":"instock","10":"taxable","11":"shipping-taxable","12":"purchasable","13":"product-type-simple"},"_links":{"self":[{"href":"https:\/\/geabarcelona.com\/fr\/wp-json\/wp\/v2\/product\/14376","targetHints":{"allow":["GET"]}}],"collection":[{"href":"https:\/\/geabarcelona.com\/fr\/wp-json\/wp\/v2\/product"}],"about":[{"href":"https:\/\/geabarcelona.com\/fr\/wp-json\/wp\/v2\/types\/product"}],"version-history":[{"count":3,"href":"https:\/\/geabarcelona.com\/fr\/wp-json\/wp\/v2\/product\/14376\/revisions"}],"predecessor-version":[{"id":19074,"href":"https:\/\/geabarcelona.com\/fr\/wp-json\/wp\/v2\/product\/14376\/revisions\/19074"}],"wp:attachment":[{"href":"https:\/\/geabarcelona.com\/fr\/wp-json\/wp\/v2\/media?parent=14376"}],"wp:term":[{"taxonomy":"product_brand","embeddable":true,"href":"https:\/\/geabarcelona.com\/fr\/wp-json\/wp\/v2\/product_brand?post=14376"},{"taxonomy":"product_cat","embeddable":true,"href":"https:\/\/geabarcelona.com\/fr\/wp-json\/wp\/v2\/product_cat?post=14376"},{"taxonomy":"product_tag","embeddable":true,"href":"https:\/\/geabarcelona.com\/fr\/wp-json\/wp\/v2\/product_tag?post=14376"}],"curies":[{"name":"wp","href":"https:\/\/api.w.org\/{rel}","templated":true}]}}