{"id":14377,"date":"2023-12-19T16:44:40","date_gmt":"2023-12-19T15:44:40","guid":{"rendered":"https:\/\/geabarcelona.com\/producto\/amatista-puntas-flat-unidad-2\/"},"modified":"2025-12-11T13:19:41","modified_gmt":"2025-12-11T12:19:41","slug":"amatista-puntas-flat-unidad-2","status":"publish","type":"product","link":"https:\/\/geabarcelona.com\/fr\/producto\/amatista-puntas-flat-unidad-2\/","title":{"rendered":"POINTES PLATES EN AM\u00c9THYSTE (UNIT\u00c9)"},"content":{"rendered":"<p>Selecci\u00f3n de puntas de amatista natural con base plana. Presentan tonalidades violeta en distintas intensidades y estructuras cristalinas que reflejan su origen geol\u00f3gico. Ideales para decoraci\u00f3n, coleccionismo o uso energ\u00e9tico enfocado en la calma, la intuici\u00f3n y la conexi\u00f3n espiritual. venta por unidad\u00bb<\/p>","protected":false},"excerpt":{"rendered":"<p>Caja de puntas de amatista extra (venta por caja) \/<\/p>","protected":false},"featured_media":18487,"template":"","meta":[],"product_brand":[],"product_cat":[139,151,148],"product_tag":[245],"class_list":{"0":"post-14377","1":"product","2":"type-product","3":"status-publish","4":"has-post-thumbnail","6":"product_cat-brasil","7":"product_cat-packs-cajas","8":"product_cat-pulido-formas","9":"product_tag-amatista","11":"first","12":"instock","13":"taxable","14":"shipping-taxable","15":"purchasable","16":"product-type-simple"},"_links":{"self":[{"href":"https:\/\/geabarcelona.com\/fr\/wp-json\/wp\/v2\/product\/14377","targetHints":{"allow":["GET"]}}],"collection":[{"href":"https:\/\/geabarcelona.com\/fr\/wp-json\/wp\/v2\/product"}],"about":[{"href":"https:\/\/geabarcelona.com\/fr\/wp-json\/wp\/v2\/types\/product"}],"version-history":[{"count":2,"href":"https:\/\/geabarcelona.com\/fr\/wp-json\/wp\/v2\/product\/14377\/revisions"}],"predecessor-version":[{"id":19075,"href":"https:\/\/geabarcelona.com\/fr\/wp-json\/wp\/v2\/product\/14377\/revisions\/19075"}],"wp:featuredmedia":[{"embeddable":true,"href":"https:\/\/geabarcelona.com\/fr\/wp-json\/wp\/v2\/media\/18487"}],"wp:attachment":[{"href":"https:\/\/geabarcelona.com\/fr\/wp-json\/wp\/v2\/media?parent=14377"}],"wp:term":[{"taxonomy":"product_brand","embeddable":true,"href":"https:\/\/geabarcelona.com\/fr\/wp-json\/wp\/v2\/product_brand?post=14377"},{"taxonomy":"product_cat","embeddable":true,"href":"https:\/\/geabarcelona.com\/fr\/wp-json\/wp\/v2\/product_cat?post=14377"},{"taxonomy":"product_tag","embeddable":true,"href":"https:\/\/geabarcelona.com\/fr\/wp-json\/wp\/v2\/product_tag?post=14377"}],"curies":[{"name":"wp","href":"https:\/\/api.w.org\/{rel}","templated":true}]}}