{"id":14410,"date":"2023-12-19T16:44:46","date_gmt":"2023-12-19T15:44:46","guid":{"rendered":"https:\/\/geabarcelona.com\/producto\/amatista-drusa-base-metal-a-2\/"},"modified":"2025-06-19T08:43:51","modified_gmt":"2025-06-19T06:43:51","slug":"amethyste-druse-base-metal-a-2","status":"publish","type":"product","link":"https:\/\/geabarcelona.com\/fr\/produit\/amethyste-druse-base-metal-a-2\/","title":{"rendered":"AM\u00c9THYSTE DRUSE M\u00c9TAL DE BASE A"},"content":{"rendered":"<p>Dusa d'am\u00e9thyste de haute qualit\u00e9 mont\u00e9 sur une solide base m\u00e9tallique qui met en valeur sa texture brute et authentique. Id\u00e9al pour la d\u00e9coration, la protection \u00e9nerg\u00e9tique et les espaces.<br \/>\nvente par kg.<\/p>","protected":false},"excerpt":{"rendered":"<p>Am\u00e9thyste druse base m\u00e9tal A \/ 20-30cm<\/p>","protected":false},"featured_media":13361,"template":"","meta":[],"product_brand":[],"product_cat":[140],"product_tag":[245],"class_list":{"0":"post-14410","1":"product","2":"type-product","3":"status-publish","4":"has-post-thumbnail","6":"product_cat-uruguay","7":"product_tag-amatista","9":"first","10":"instock","11":"taxable","12":"shipping-taxable","13":"purchasable","14":"product-type-simple"},"_links":{"self":[{"href":"https:\/\/geabarcelona.com\/fr\/wp-json\/wp\/v2\/product\/14410","targetHints":{"allow":["GET"]}}],"collection":[{"href":"https:\/\/geabarcelona.com\/fr\/wp-json\/wp\/v2\/product"}],"about":[{"href":"https:\/\/geabarcelona.com\/fr\/wp-json\/wp\/v2\/types\/product"}],"version-history":[{"count":2,"href":"https:\/\/geabarcelona.com\/fr\/wp-json\/wp\/v2\/product\/14410\/revisions"}],"predecessor-version":[{"id":18235,"href":"https:\/\/geabarcelona.com\/fr\/wp-json\/wp\/v2\/product\/14410\/revisions\/18235"}],"wp:featuredmedia":[{"embeddable":true,"href":"https:\/\/geabarcelona.com\/fr\/wp-json\/wp\/v2\/media\/13361"}],"wp:attachment":[{"href":"https:\/\/geabarcelona.com\/fr\/wp-json\/wp\/v2\/media?parent=14410"}],"wp:term":[{"taxonomy":"product_brand","embeddable":true,"href":"https:\/\/geabarcelona.com\/fr\/wp-json\/wp\/v2\/product_brand?post=14410"},{"taxonomy":"product_cat","embeddable":true,"href":"https:\/\/geabarcelona.com\/fr\/wp-json\/wp\/v2\/product_cat?post=14410"},{"taxonomy":"product_tag","embeddable":true,"href":"https:\/\/geabarcelona.com\/fr\/wp-json\/wp\/v2\/product_tag?post=14410"}],"curies":[{"name":"wp","href":"https:\/\/api.w.org\/{rel}","templated":true}]}}