{"id":14411,"date":"2023-12-19T16:44:46","date_gmt":"2023-12-19T15:44:46","guid":{"rendered":"https:\/\/geabarcelona.com\/producto\/amatista-drusa-base-metal-b-2\/"},"modified":"2025-06-19T08:43:55","modified_gmt":"2025-06-19T06:43:55","slug":"amethyst-druse-metal-base-b-2","status":"publish","type":"product","link":"https:\/\/geabarcelona.com\/fr\/produit\/amethyst-druse-metal-base-b-2\/","title":{"rendered":"AMETHYST DRUSE METAL BASE B"},"content":{"rendered":"<p>Am\u00e9thyste dusa mont\u00e9e sur une solide base m\u00e9tallique qui met en valeur sa texture brute et authentique. Id\u00e9al pour la d\u00e9coration, la protection \u00e9nerg\u00e9tique et les espaces.<br \/>\nvente par kg.<\/p>\n<div style=\"width: 800px;\" class=\"wp-video\"><video class=\"wp-video-shortcode\" id=\"video-14411-1\" width=\"800\" height=\"981\" preload=\"metadata\" controls=\"controls\"><source type=\"video\/mp4\" src=\"https:\/\/geabarcelona.com\/wp-content\/uploads\/2023\/12\/img-2084_AmsSnhRF.mp4?_=1\" \/><a href=\"https:\/\/geabarcelona.com\/wp-content\/uploads\/2023\/12\/img-2084_AmsSnhRF.mp4\">https:\/\/geabarcelona.com\/wp-content\/uploads\/2023\/12\/img-2084_AmsSnhRF.mp4<\/a><\/video><\/div>","protected":false},"excerpt":{"rendered":"<p>Am\u00e9thyste druse base m\u00e9tal B \/ 20-30cm<\/p>","protected":false},"featured_media":0,"template":"","meta":[],"product_brand":[],"product_cat":[139,140],"product_tag":[245],"class_list":{"0":"post-14411","1":"product","2":"type-product","3":"status-publish","5":"product_cat-brasil","6":"product_cat-uruguay","7":"product_tag-amatista","9":"first","10":"instock","11":"taxable","12":"shipping-taxable","13":"purchasable","14":"product-type-simple"},"_links":{"self":[{"href":"https:\/\/geabarcelona.com\/fr\/wp-json\/wp\/v2\/product\/14411","targetHints":{"allow":["GET"]}}],"collection":[{"href":"https:\/\/geabarcelona.com\/fr\/wp-json\/wp\/v2\/product"}],"about":[{"href":"https:\/\/geabarcelona.com\/fr\/wp-json\/wp\/v2\/types\/product"}],"version-history":[{"count":2,"href":"https:\/\/geabarcelona.com\/fr\/wp-json\/wp\/v2\/product\/14411\/revisions"}],"predecessor-version":[{"id":18291,"href":"https:\/\/geabarcelona.com\/fr\/wp-json\/wp\/v2\/product\/14411\/revisions\/18291"}],"wp:attachment":[{"href":"https:\/\/geabarcelona.com\/fr\/wp-json\/wp\/v2\/media?parent=14411"}],"wp:term":[{"taxonomy":"product_brand","embeddable":true,"href":"https:\/\/geabarcelona.com\/fr\/wp-json\/wp\/v2\/product_brand?post=14411"},{"taxonomy":"product_cat","embeddable":true,"href":"https:\/\/geabarcelona.com\/fr\/wp-json\/wp\/v2\/product_cat?post=14411"},{"taxonomy":"product_tag","embeddable":true,"href":"https:\/\/geabarcelona.com\/fr\/wp-json\/wp\/v2\/product_tag?post=14411"}],"curies":[{"name":"wp","href":"https:\/\/api.w.org\/{rel}","templated":true}]}}