{"id":14460,"date":"2023-12-19T16:44:56","date_gmt":"2023-12-19T15:44:56","guid":{"rendered":"https:\/\/geabarcelona.com\/producto\/lampara-de-sal-cuenco-con-sal-en-bruto\/"},"modified":"2025-12-11T11:21:37","modified_gmt":"2025-12-11T10:21:37","slug":"lampe-a-sel-bol-de-sel-avec-sel-brut","status":"publish","type":"product","link":"https:\/\/geabarcelona.com\/fr\/producto\/lampara-de-sal-cuenco-con-sal-en-bruto\/","title":{"rendered":"LAMPE \u00c0 SEL BOL DE SEL AVEC SEL BRUT"},"content":{"rendered":"<p>Lampe d\u00e9corative fabriqu\u00e9e \u00e0 partir de blocs de sel rose naturel de l'Himalaya sur une base en bois robuste. Elle offre une lumi\u00e8re chaude et douce qui cr\u00e9e une atmosph\u00e8re relaxante et chaleureuse. Id\u00e9ale pour d\u00e9corer les espaces et cr\u00e9er une atmosph\u00e8re apaisante et purifiante.<br \/>\nvente \u00e0 l'unit\u00e9<\/p>","protected":false},"excerpt":{"rendered":"<p>Lampe de sel avec bol de sel brut \/<\/p>","protected":false},"featured_media":17860,"template":"","meta":[],"product_brand":[],"product_cat":[153,149,147],"product_tag":[185],"class_list":{"0":"post-14460","1":"product","2":"type-product","3":"status-publish","4":"has-post-thumbnail","6":"product_cat-catalogo","7":"product_cat-decoracion-lamparas","8":"product_cat-terapias-hogar","9":"product_tag-lampara","11":"first","12":"instock","13":"taxable","14":"shipping-taxable","15":"purchasable","16":"product-type-simple"},"_links":{"self":[{"href":"https:\/\/geabarcelona.com\/fr\/wp-json\/wp\/v2\/product\/14460","targetHints":{"allow":["GET"]}}],"collection":[{"href":"https:\/\/geabarcelona.com\/fr\/wp-json\/wp\/v2\/product"}],"about":[{"href":"https:\/\/geabarcelona.com\/fr\/wp-json\/wp\/v2\/types\/product"}],"version-history":[{"count":2,"href":"https:\/\/geabarcelona.com\/fr\/wp-json\/wp\/v2\/product\/14460\/revisions"}],"predecessor-version":[{"id":18336,"href":"https:\/\/geabarcelona.com\/fr\/wp-json\/wp\/v2\/product\/14460\/revisions\/18336"}],"wp:featuredmedia":[{"embeddable":true,"href":"https:\/\/geabarcelona.com\/fr\/wp-json\/wp\/v2\/media\/17860"}],"wp:attachment":[{"href":"https:\/\/geabarcelona.com\/fr\/wp-json\/wp\/v2\/media?parent=14460"}],"wp:term":[{"taxonomy":"product_brand","embeddable":true,"href":"https:\/\/geabarcelona.com\/fr\/wp-json\/wp\/v2\/product_brand?post=14460"},{"taxonomy":"product_cat","embeddable":true,"href":"https:\/\/geabarcelona.com\/fr\/wp-json\/wp\/v2\/product_cat?post=14460"},{"taxonomy":"product_tag","embeddable":true,"href":"https:\/\/geabarcelona.com\/fr\/wp-json\/wp\/v2\/product_tag?post=14460"}],"curies":[{"name":"wp","href":"https:\/\/api.w.org\/{rel}","templated":true}]}}