{"id":14471,"date":"2023-12-19T16:44:58","date_gmt":"2023-12-19T15:44:58","guid":{"rendered":"https:\/\/geabarcelona.com\/producto\/caja-mica-oro\/"},"modified":"2025-12-11T11:40:37","modified_gmt":"2025-12-11T10:40:37","slug":"boite-a-mica-dor","status":"publish","type":"product","link":"https:\/\/geabarcelona.com\/fr\/produit\/boite-a-mica-dor\/","title":{"rendered":"MICA GOLD BOX"},"content":{"rendered":"<p>Une s\u00e9lection de morceaux de mica naturel dor\u00e9, avec son \u00e9clat m\u00e9tallique caract\u00e9ristique et ses tons chauds. Chaque fragment pr\u00e9sente la texture lamin\u00e9e typique du mica, apportant une touche \u00e9l\u00e9gante et lumineuse. Id\u00e9al pour la d\u00e9coration, la collection ou l'utilisation \u00e9nerg\u00e9tique ax\u00e9e sur la clart\u00e9 mentale, la cr\u00e9ativit\u00e9 et l'\u00e9nergie positive.<br \/>\n vente \u00e0 l'unit\u00e9\".<\/p>","protected":false},"excerpt":{"rendered":"<p>Bo\u00eete Mica Gold \/<\/p>","protected":false},"featured_media":18437,"template":"","meta":[],"product_brand":[],"product_cat":[153,151],"product_tag":[351],"class_list":{"0":"post-14471","1":"product","2":"type-product","3":"status-publish","4":"has-post-thumbnail","6":"product_cat-catalogo","7":"product_cat-packs-cajas","8":"product_tag-mica-oro","10":"first","11":"instock","12":"taxable","13":"shipping-taxable","14":"purchasable","15":"product-type-simple"},"_links":{"self":[{"href":"https:\/\/geabarcelona.com\/fr\/wp-json\/wp\/v2\/product\/14471","targetHints":{"allow":["GET"]}}],"collection":[{"href":"https:\/\/geabarcelona.com\/fr\/wp-json\/wp\/v2\/product"}],"about":[{"href":"https:\/\/geabarcelona.com\/fr\/wp-json\/wp\/v2\/types\/product"}],"version-history":[{"count":2,"href":"https:\/\/geabarcelona.com\/fr\/wp-json\/wp\/v2\/product\/14471\/revisions"}],"predecessor-version":[{"id":19105,"href":"https:\/\/geabarcelona.com\/fr\/wp-json\/wp\/v2\/product\/14471\/revisions\/19105"}],"wp:featuredmedia":[{"embeddable":true,"href":"https:\/\/geabarcelona.com\/fr\/wp-json\/wp\/v2\/media\/18437"}],"wp:attachment":[{"href":"https:\/\/geabarcelona.com\/fr\/wp-json\/wp\/v2\/media?parent=14471"}],"wp:term":[{"taxonomy":"product_brand","embeddable":true,"href":"https:\/\/geabarcelona.com\/fr\/wp-json\/wp\/v2\/product_brand?post=14471"},{"taxonomy":"product_cat","embeddable":true,"href":"https:\/\/geabarcelona.com\/fr\/wp-json\/wp\/v2\/product_cat?post=14471"},{"taxonomy":"product_tag","embeddable":true,"href":"https:\/\/geabarcelona.com\/fr\/wp-json\/wp\/v2\/product_tag?post=14471"}],"curies":[{"name":"wp","href":"https:\/\/api.w.org\/{rel}","templated":true}]}}