{"id":14472,"date":"2023-12-19T16:44:58","date_gmt":"2023-12-19T15:44:58","guid":{"rendered":"https:\/\/geabarcelona.com\/producto\/obsidiana-guasha\/"},"modified":"2025-06-19T08:44:00","modified_gmt":"2025-06-19T06:44:00","slug":"guasha-obsidienne","status":"publish","type":"product","link":"https:\/\/geabarcelona.com\/fr\/produit\/guasha-obsidienne\/","title":{"rendered":"GUASHA OBSIDIENNE"},"content":{"rendered":"<p>Protection et solidit\u00e9 de la peau<br \/>\nSculpt\u00e9 dans de l'obsidienne volcanique naturelle, ce guasha favorise la d\u00e9sintoxication de la peau, d\u00e9tend les muscles et aide \u00e0 rel\u00e2cher les tensions accumul\u00e9es. L'obsidienne est une pierre protectrice qui \u00e9quilibre et renouvelle, parfaite pour un massage profond et \u00e9nerg\u00e9tique.<br \/>\nvente \u00e0 l'unit\u00e9<\/p>","protected":false},"excerpt":{"rendered":"<p>Guasha obsidienne \/<\/p>","protected":false},"featured_media":13542,"template":"","meta":[],"product_brand":[],"product_cat":[148,147],"product_tag":[300],"class_list":{"0":"post-14472","1":"product","2":"type-product","3":"status-publish","4":"has-post-thumbnail","6":"product_cat-pulido-formas","7":"product_cat-terapias-hogar","8":"product_tag-obsidiana","10":"first","11":"instock","12":"taxable","13":"shipping-taxable","14":"purchasable","15":"product-type-simple"},"_links":{"self":[{"href":"https:\/\/geabarcelona.com\/fr\/wp-json\/wp\/v2\/product\/14472","targetHints":{"allow":["GET"]}}],"collection":[{"href":"https:\/\/geabarcelona.com\/fr\/wp-json\/wp\/v2\/product"}],"about":[{"href":"https:\/\/geabarcelona.com\/fr\/wp-json\/wp\/v2\/types\/product"}],"version-history":[{"count":2,"href":"https:\/\/geabarcelona.com\/fr\/wp-json\/wp\/v2\/product\/14472\/revisions"}],"predecessor-version":[{"id":18366,"href":"https:\/\/geabarcelona.com\/fr\/wp-json\/wp\/v2\/product\/14472\/revisions\/18366"}],"wp:featuredmedia":[{"embeddable":true,"href":"https:\/\/geabarcelona.com\/fr\/wp-json\/wp\/v2\/media\/13542"}],"wp:attachment":[{"href":"https:\/\/geabarcelona.com\/fr\/wp-json\/wp\/v2\/media?parent=14472"}],"wp:term":[{"taxonomy":"product_brand","embeddable":true,"href":"https:\/\/geabarcelona.com\/fr\/wp-json\/wp\/v2\/product_brand?post=14472"},{"taxonomy":"product_cat","embeddable":true,"href":"https:\/\/geabarcelona.com\/fr\/wp-json\/wp\/v2\/product_cat?post=14472"},{"taxonomy":"product_tag","embeddable":true,"href":"https:\/\/geabarcelona.com\/fr\/wp-json\/wp\/v2\/product_tag?post=14472"}],"curies":[{"name":"wp","href":"https:\/\/api.w.org\/{rel}","templated":true}]}}