{"id":14744,"date":"2023-12-21T09:31:57","date_gmt":"2023-12-21T08:31:57","guid":{"rendered":"https:\/\/geabarcelona.com\/producto\/agata-azul\/"},"modified":"2025-12-10T18:24:13","modified_gmt":"2025-12-10T17:24:13","slug":"agata-azul","status":"publish","type":"product","link":"https:\/\/geabarcelona.com\/fr\/produit\/agata-azul\/","title":{"rendered":"QUARTZ ROUL\u00c9 BLEU"},"content":{"rendered":"<p>Le quartz bleu est une vari\u00e9t\u00e9 de quartz aux teintes douces et sereines allant du bleu p\u00e2le au bleu clair. Il se forme dans des veines hydrothermales et des d\u00e9p\u00f4ts pegmatitiques, et se trouve dans des endroits tels que le Br\u00e9sil, Madagascar et les \u00c9tats-Unis. Sur le plan spirituel, le quartz bleu est connu pour sa capacit\u00e9 \u00e0 calmer l'esprit, \u00e0 faciliter une communication claire et \u00e0 \u00e9quilibrer le chakra de la gorge, favorisant ainsi la paix int\u00e9rieure et l'expression authentique. vendu au kg\".<\/p>","protected":false},"excerpt":{"rendered":"<p>Piedra rodada de \u00e1gata azul, de tama\u00f1o entre 2-3cm.<\/p>","protected":false},"featured_media":18044,"template":"","meta":[],"product_brand":[],"product_cat":[150,147],"product_tag":[354],"class_list":{"0":"post-14744","1":"product","2":"type-product","3":"status-publish","4":"has-post-thumbnail","6":"product_cat-rodados","7":"product_cat-terapias-hogar","8":"product_tag-cuarzo-azul","10":"first","11":"instock","12":"taxable","13":"shipping-taxable","14":"purchasable","15":"product-type-simple"},"_links":{"self":[{"href":"https:\/\/geabarcelona.com\/fr\/wp-json\/wp\/v2\/product\/14744","targetHints":{"allow":["GET"]}}],"collection":[{"href":"https:\/\/geabarcelona.com\/fr\/wp-json\/wp\/v2\/product"}],"about":[{"href":"https:\/\/geabarcelona.com\/fr\/wp-json\/wp\/v2\/types\/product"}],"version-history":[{"count":2,"href":"https:\/\/geabarcelona.com\/fr\/wp-json\/wp\/v2\/product\/14744\/revisions"}],"predecessor-version":[{"id":19113,"href":"https:\/\/geabarcelona.com\/fr\/wp-json\/wp\/v2\/product\/14744\/revisions\/19113"}],"wp:featuredmedia":[{"embeddable":true,"href":"https:\/\/geabarcelona.com\/fr\/wp-json\/wp\/v2\/media\/18044"}],"wp:attachment":[{"href":"https:\/\/geabarcelona.com\/fr\/wp-json\/wp\/v2\/media?parent=14744"}],"wp:term":[{"taxonomy":"product_brand","embeddable":true,"href":"https:\/\/geabarcelona.com\/fr\/wp-json\/wp\/v2\/product_brand?post=14744"},{"taxonomy":"product_cat","embeddable":true,"href":"https:\/\/geabarcelona.com\/fr\/wp-json\/wp\/v2\/product_cat?post=14744"},{"taxonomy":"product_tag","embeddable":true,"href":"https:\/\/geabarcelona.com\/fr\/wp-json\/wp\/v2\/product_tag?post=14744"}],"curies":[{"name":"wp","href":"https:\/\/api.w.org\/{rel}","templated":true}]}}