{"id":14760,"date":"2023-12-21T09:32:00","date_gmt":"2023-12-21T08:32:00","guid":{"rendered":"https:\/\/geabarcelona.com\/producto\/jaspe-zebra-rodado\/"},"modified":"2025-12-10T18:26:29","modified_gmt":"2025-12-10T17:26:29","slug":"jaspe-zebre-rhodie","status":"publish","type":"product","link":"https:\/\/geabarcelona.com\/fr\/producto\/jaspe-zebra-rodado\/","title":{"rendered":"JASPE Z\u00c9BR\u00c9 RHODI\u00c9"},"content":{"rendered":"<p> vente par kg\".<\/p>","protected":false},"excerpt":{"rendered":"<p>Jaspe z\u00e9br\u00e9 naturel sous forme de pierre tumble, taille 2-3cm.<\/p>","protected":false},"featured_media":17957,"template":"","meta":[],"product_brand":[],"product_cat":[136,148,150,147],"product_tag":[355],"class_list":{"0":"post-14760","1":"product","2":"type-product","3":"status-publish","4":"has-post-thumbnail","6":"product_cat-piedras-gemas","7":"product_cat-pulido-formas","8":"product_cat-rodados","9":"product_cat-terapias-hogar","10":"product_tag-jaspe","12":"first","13":"instock","14":"taxable","15":"shipping-taxable","16":"purchasable","17":"product-type-simple"},"_links":{"self":[{"href":"https:\/\/geabarcelona.com\/fr\/wp-json\/wp\/v2\/product\/14760","targetHints":{"allow":["GET"]}}],"collection":[{"href":"https:\/\/geabarcelona.com\/fr\/wp-json\/wp\/v2\/product"}],"about":[{"href":"https:\/\/geabarcelona.com\/fr\/wp-json\/wp\/v2\/types\/product"}],"version-history":[{"count":2,"href":"https:\/\/geabarcelona.com\/fr\/wp-json\/wp\/v2\/product\/14760\/revisions"}],"predecessor-version":[{"id":19128,"href":"https:\/\/geabarcelona.com\/fr\/wp-json\/wp\/v2\/product\/14760\/revisions\/19128"}],"wp:featuredmedia":[{"embeddable":true,"href":"https:\/\/geabarcelona.com\/fr\/wp-json\/wp\/v2\/media\/17957"}],"wp:attachment":[{"href":"https:\/\/geabarcelona.com\/fr\/wp-json\/wp\/v2\/media?parent=14760"}],"wp:term":[{"taxonomy":"product_brand","embeddable":true,"href":"https:\/\/geabarcelona.com\/fr\/wp-json\/wp\/v2\/product_brand?post=14760"},{"taxonomy":"product_cat","embeddable":true,"href":"https:\/\/geabarcelona.com\/fr\/wp-json\/wp\/v2\/product_cat?post=14760"},{"taxonomy":"product_tag","embeddable":true,"href":"https:\/\/geabarcelona.com\/fr\/wp-json\/wp\/v2\/product_tag?post=14760"}],"curies":[{"name":"wp","href":"https:\/\/api.w.org\/{rel}","templated":true}]}}