{"id":15268,"date":"2023-12-22T14:16:43","date_gmt":"2023-12-22T13:16:43","guid":{"rendered":"https:\/\/geabarcelona.com\/producto\/cuarzo-rosa\/"},"modified":"2025-12-11T11:41:34","modified_gmt":"2025-12-11T10:41:34","slug":"quartz-rose","status":"publish","type":"product","link":"https:\/\/geabarcelona.com\/fr\/produit\/quartz-rose\/","title":{"rendered":"QUARTZ ROSE"},"content":{"rendered":"<p>vente par kg.<\/p>\n<p>Le quartz rose est une vari\u00e9t\u00e9 de quartz, compos\u00e9e principalement de dioxyde de silicium (SiO\u2082), qui se caract\u00e9rise par sa couleur rose distinctive, qui varie de tons doux \u00e0 des tons plus intenses en raison de la pr\u00e9sence d'impuret\u00e9s de titane, de fer ou de mangan\u00e8se. Ce min\u00e9ral est pr\u00e9sent dans diverses r\u00e9gions du monde, notamment dans des pays comme le Br\u00e9sil et Madagascar, o\u00f9 il est principalement extrait de roches ign\u00e9es telles que le granit et les pegmatites. Sa formation se fait dans des conditions g\u00e9ologiques particuli\u00e8res, au cours desquelles des impuret\u00e9s sont incorpor\u00e9es au quartz lors de son processus de cristallisation.<\/p>\n<p>D'un point de vue spirituel, le quartz rose est \u00e9troitement li\u00e9 au chakra du c\u0153ur. Il est particuli\u00e8rement appr\u00e9ci\u00e9 pour sa capacit\u00e9 \u00e0 favoriser l'amour, la compassion et l'\u00e9quilibre \u00e9motionnel, ainsi que pour sa capacit\u00e9 \u00e0 promouvoir la paix int\u00e9rieure et \u00e0 faciliter la lib\u00e9ration \u00e9motionnelle. En bref, le quartz rose est consid\u00e9r\u00e9 comme un puissant symbole d'amour, de bien-\u00eatre et d'harmonie \u00e9motionnelle.<\/p>\n<p>Origine : Br\u00e9sil, Madagascar<\/p>\n<p>Propiedades: Amor y bienestar \u00ab<\/p>","protected":false},"excerpt":{"rendered":"<p>Naturel, 3-4cm.<\/p>","protected":false},"featured_media":17889,"template":"","meta":[],"product_brand":[],"product_cat":[153],"product_tag":[179],"class_list":{"0":"post-15268","1":"product","2":"type-product","3":"status-publish","4":"has-post-thumbnail","6":"product_cat-catalogo","7":"product_tag-cuarzo-rosa","9":"first","10":"instock","11":"taxable","12":"shipping-taxable","13":"purchasable","14":"product-type-simple"},"_links":{"self":[{"href":"https:\/\/geabarcelona.com\/fr\/wp-json\/wp\/v2\/product\/15268","targetHints":{"allow":["GET"]}}],"collection":[{"href":"https:\/\/geabarcelona.com\/fr\/wp-json\/wp\/v2\/product"}],"about":[{"href":"https:\/\/geabarcelona.com\/fr\/wp-json\/wp\/v2\/types\/product"}],"version-history":[{"count":3,"href":"https:\/\/geabarcelona.com\/fr\/wp-json\/wp\/v2\/product\/15268\/revisions"}],"predecessor-version":[{"id":19131,"href":"https:\/\/geabarcelona.com\/fr\/wp-json\/wp\/v2\/product\/15268\/revisions\/19131"}],"wp:featuredmedia":[{"embeddable":true,"href":"https:\/\/geabarcelona.com\/fr\/wp-json\/wp\/v2\/media\/17889"}],"wp:attachment":[{"href":"https:\/\/geabarcelona.com\/fr\/wp-json\/wp\/v2\/media?parent=15268"}],"wp:term":[{"taxonomy":"product_brand","embeddable":true,"href":"https:\/\/geabarcelona.com\/fr\/wp-json\/wp\/v2\/product_brand?post=15268"},{"taxonomy":"product_cat","embeddable":true,"href":"https:\/\/geabarcelona.com\/fr\/wp-json\/wp\/v2\/product_cat?post=15268"},{"taxonomy":"product_tag","embeddable":true,"href":"https:\/\/geabarcelona.com\/fr\/wp-json\/wp\/v2\/product_tag?post=15268"}],"curies":[{"name":"wp","href":"https:\/\/api.w.org\/{rel}","templated":true}]}}