{"id":15273,"date":"2023-12-22T14:16:44","date_gmt":"2023-12-22T13:16:44","guid":{"rendered":"https:\/\/geabarcelona.com\/producto\/pirita-chispa\/"},"modified":"2025-06-19T08:43:49","modified_gmt":"2025-06-19T06:43:49","slug":"pirita-chispa","status":"publish","type":"product","link":"https:\/\/geabarcelona.com\/fr\/produit\/pirita-chispa\/","title":{"rendered":"PIRITE SPARKLE"},"content":{"rendered":"<p>Elle est compos\u00e9e principalement de sulfate de strontium et se forme dans des environnements s\u00e9dimentaires, en particulier dans des zones o\u00f9 l'eau riche en min\u00e9raux s'\u00e9vapore lentement, comme les anciennes mers ou les lacs sal\u00e9s. On la trouve principalement dans les gisements de Madagascar.<br \/>\nvente par kg.<\/p>","protected":false},"excerpt":{"rendered":"<p>Naturel, 3-4cm.<\/p>","protected":false},"featured_media":17885,"template":"","meta":[],"product_brand":[],"product_cat":[153],"product_tag":[165],"class_list":{"0":"post-15273","1":"product","2":"type-product","3":"status-publish","4":"has-post-thumbnail","6":"product_cat-catalogo","7":"product_tag-mineral","9":"first","10":"instock","11":"taxable","12":"shipping-taxable","13":"purchasable","14":"product-type-simple"},"_links":{"self":[{"href":"https:\/\/geabarcelona.com\/fr\/wp-json\/wp\/v2\/product\/15273","targetHints":{"allow":["GET"]}}],"collection":[{"href":"https:\/\/geabarcelona.com\/fr\/wp-json\/wp\/v2\/product"}],"about":[{"href":"https:\/\/geabarcelona.com\/fr\/wp-json\/wp\/v2\/types\/product"}],"version-history":[{"count":2,"href":"https:\/\/geabarcelona.com\/fr\/wp-json\/wp\/v2\/product\/15273\/revisions"}],"predecessor-version":[{"id":18216,"href":"https:\/\/geabarcelona.com\/fr\/wp-json\/wp\/v2\/product\/15273\/revisions\/18216"}],"wp:featuredmedia":[{"embeddable":true,"href":"https:\/\/geabarcelona.com\/fr\/wp-json\/wp\/v2\/media\/17885"}],"wp:attachment":[{"href":"https:\/\/geabarcelona.com\/fr\/wp-json\/wp\/v2\/media?parent=15273"}],"wp:term":[{"taxonomy":"product_brand","embeddable":true,"href":"https:\/\/geabarcelona.com\/fr\/wp-json\/wp\/v2\/product_brand?post=15273"},{"taxonomy":"product_cat","embeddable":true,"href":"https:\/\/geabarcelona.com\/fr\/wp-json\/wp\/v2\/product_cat?post=15273"},{"taxonomy":"product_tag","embeddable":true,"href":"https:\/\/geabarcelona.com\/fr\/wp-json\/wp\/v2\/product_tag?post=15273"}],"curies":[{"name":"wp","href":"https:\/\/api.w.org\/{rel}","templated":true}]}}