{"id":15279,"date":"2023-12-22T14:16:45","date_gmt":"2023-12-22T13:16:45","guid":{"rendered":"https:\/\/geabarcelona.com\/producto\/esmeralda\/"},"modified":"2025-12-11T11:42:37","modified_gmt":"2025-12-11T10:42:37","slug":"esmeralda","status":"publish","type":"product","link":"https:\/\/geabarcelona.com\/fr\/produit\/esmeralda\/","title":{"rendered":"ESMERALDA"},"content":{"rendered":"<p>La esmeralda es una variedad del berilo famosa por su intenso color verde esmeralda y su brillo v\u00edtreo. Se forma en pegmatitas y vetas hidrotermales, con principales yacimientos en Colombia, Zambia y Brasil. Espiritualmente, la esmeralda es s\u00edmbolo de amor, sanaci\u00f3n y abundancia, promoviendo la armon\u00eda emocional y la claridad mental. venta por kg.\u00bb<\/p>","protected":false},"excerpt":{"rendered":"<p>Naturel, 3-4cm.<\/p>","protected":false},"featured_media":18098,"template":"","meta":[],"product_brand":[],"product_cat":[153,136],"product_tag":[369],"class_list":{"0":"post-15279","1":"product","2":"type-product","3":"status-publish","4":"has-post-thumbnail","6":"product_cat-catalogo","7":"product_cat-piedras-gemas","8":"product_tag-esmeralda","10":"first","11":"instock","12":"taxable","13":"shipping-taxable","14":"purchasable","15":"product-type-simple"},"_links":{"self":[{"href":"https:\/\/geabarcelona.com\/fr\/wp-json\/wp\/v2\/product\/15279","targetHints":{"allow":["GET"]}}],"collection":[{"href":"https:\/\/geabarcelona.com\/fr\/wp-json\/wp\/v2\/product"}],"about":[{"href":"https:\/\/geabarcelona.com\/fr\/wp-json\/wp\/v2\/types\/product"}],"version-history":[{"count":2,"href":"https:\/\/geabarcelona.com\/fr\/wp-json\/wp\/v2\/product\/15279\/revisions"}],"predecessor-version":[{"id":19139,"href":"https:\/\/geabarcelona.com\/fr\/wp-json\/wp\/v2\/product\/15279\/revisions\/19139"}],"wp:featuredmedia":[{"embeddable":true,"href":"https:\/\/geabarcelona.com\/fr\/wp-json\/wp\/v2\/media\/18098"}],"wp:attachment":[{"href":"https:\/\/geabarcelona.com\/fr\/wp-json\/wp\/v2\/media?parent=15279"}],"wp:term":[{"taxonomy":"product_brand","embeddable":true,"href":"https:\/\/geabarcelona.com\/fr\/wp-json\/wp\/v2\/product_brand?post=15279"},{"taxonomy":"product_cat","embeddable":true,"href":"https:\/\/geabarcelona.com\/fr\/wp-json\/wp\/v2\/product_cat?post=15279"},{"taxonomy":"product_tag","embeddable":true,"href":"https:\/\/geabarcelona.com\/fr\/wp-json\/wp\/v2\/product_tag?post=15279"}],"curies":[{"name":"wp","href":"https:\/\/api.w.org\/{rel}","templated":true}]}}